{"id":18483,"date":"2026-03-18T17:49:52","date_gmt":"2026-03-18T17:49:52","guid":{"rendered":"https:\/\/tonepilotai.com\/?page_id=18483"},"modified":"2026-03-19T07:06:58","modified_gmt":"2026-03-19T07:06:58","slug":"terms-of-service","status":"publish","type":"page","link":"https:\/\/tonepilotai.com\/de\/terms-of-service\/","title":{"rendered":"Nutzungsbedingungen"},"content":{"rendered":"<div data-elementor-type=\"wp-page\" data-elementor-id=\"18483\" class=\"elementor elementor-18483\">\n\t\t\t\t<div class=\"elementor-element elementor-element-24364f2 e-flex e-con-boxed e-con e-parent\" data-id=\"24364f2\" data-element_type=\"container\" data-e-type=\"container\">\t\t\t<div class=\"e-con-inner\">\r\n\t\t\t\t<div class=\"elementor-element elementor-element-374b640 elementor-widget elementor-widget-pxl_text_editor\" data-id=\"374b640\" data-element_type=\"widget\" data-e-type=\"widget\" data-widget_type=\"pxl_text_editor.default\">\n\t\t\t\t<div class=\"elementor-widget-container\">\n\t\t\t\t\t<div class=\"pxl-text-editor\">\n\t<div class=\"pxl-text-editor__inner\" data-wow-delay=\"ms\" >\n\t\t<h1 style=\"font-size: 30px;letter-spacing: -2px\">Nutzungsbedingungen<\/h1><p><strong>Zuletzt aktualisiert:<\/strong> 2026-03-18<\/p><p>Willkommen bei TonePilot AI. Durch die Nutzung unseres Dienstes stimmen Sie den folgenden Bedingungen zu.<\/p><h3 style=\"font-size: 25px;letter-spacing: -2px\">1. \u00dcberblick<\/h3><p>TonePilot AI bietet KI-gest\u00fctzte Chatbot-Tools, die von Ihrer Website lernen und Besuchern helfen, Fragen zu beantworten. Durch den Zugriff auf oder die Nutzung unserer Plattform erkl\u00e4ren Sie sich damit einverstanden, diese verantwortungsvoll und in \u00dcbereinstimmung mit diesen Bedingungen zu nutzen.<\/p><h3 style=\"font-size: 25px;letter-spacing: -2px\">2. Nutzungsbedingungen<\/h3><p>Sie stimmen zu:<\/p><ul><li>Verwenden Sie TonePilot KI nur f\u00fcr gesetzliche Zwecke<\/li><li>Geben Sie bei der Einrichtung Ihres Kontos genaue Informationen an<\/li><li>Den Dienst nicht zur Erstellung sch\u00e4dlicher, irref\u00fchrender oder illegaler Inhalte verwenden<\/li><li>Versuchen Sie nicht, die Plattform zu missbrauchen, zu st\u00f6ren oder reverse-engineeren<\/li><\/ul><p>Wir behalten uns das Recht vor, den Zugriff bei Verst\u00f6\u00dfen gegen diese Regeln zu sperren oder zu beenden.<\/p><h3 style=\"font-size: 25px;letter-spacing: -2px\">3. Ihr Inhalt<\/h3><p>Sie sind f\u00fcr den Inhalt Ihrer Website und alle Daten verantwortlich, die Sie an TonePilot AI weitergeben.<\/p><p>Durch die Nutzung des Dienstes erlauben Sie uns:<\/p><ul><li>Greifen Sie auf Ihre Website-Inhalte zu und verarbeiten Sie diese, um Ihren Chatbot zu trainieren<\/li><li>Gespr\u00e4che speichern und analysieren, um die Funktionalit\u00e4t zu verbessern<\/li><\/ul><p>Wir beanspruchen kein Eigentum an deinen Inhalten.<\/p><h3 style=\"font-size: 25px;letter-spacing: -2px\">4. KI-Antworten<\/h3><p>TonePilot AI generiert Antworten basierend auf Ihrer Website und KI-Modellen. Wir bem\u00fchen uns um Genauigkeit:<\/p><ul><li>Antworten sind m\u00f6glicherweise nicht immer korrekt oder vollst\u00e4ndig<\/li><li>Sie sind verantwortlich f\u00fcr die \u00dcberpr\u00fcfung und \u00dcberwachung des Verhaltens von Chatbots<\/li><li>TonePilot AI ist nicht haftbar f\u00fcr Entscheidungen, die auf den Antworten des Chatbots basieren<\/li><\/ul><h3 style=\"font-size: 25px;letter-spacing: -2px\">5. Verf\u00fcgbarkeit<\/h3><p>Wir bem\u00fchen uns, den reibungslosen Betrieb des Dienstes aufrechtzuerhalten, aber wir garantieren nicht:<\/p><ul><li>Ununterbrochener Zugang<\/li><li>Fehlerfreie Leistung<\/li><\/ul><p>Wir k\u00f6nnen den Dienst jederzeit aktualisieren, \u00e4ndern oder vor\u00fcbergehend aussetzen.<\/p><h3 style=\"font-size: 25px;letter-spacing: -2px\">6. Konten und Zugriff<\/h3><p>Sie sind verantwortlich f\u00fcr:<\/p><ul><li>Ihre Kontodaten sicher aufbewahren<\/li><li>Alle Aktivit\u00e4ten unter Ihrem Konto<\/li><\/ul><p>Wir k\u00f6nnen Konten sperren oder k\u00fcndigen, wenn eine missbr\u00e4uchliche Nutzung festgestellt wird.<\/p><h3 style=\"font-size: 25px;letter-spacing: -2px\">7. Zahlungen (falls zutreffend)<\/h3><p>Wenn Sie einen kostenpflichtigen Plan haben:<\/p><ul><li>Zahlungen m\u00fcssen p\u00fcnktlich erfolgen<\/li><li>Der Zugang kann eingeschr\u00e4nkt oder gesperrt werden, wenn keine Zahlung eingeht<\/li><\/ul><p>Alle Preis- und Abrechnungsbedingungen werden klar kommuniziert.<\/p><h3 style=\"font-size: 25px;letter-spacing: -2px\">8. Haftungsbeschr\u00e4nkung<\/h3><p>Soweit gesetzlich zul\u00e4ssig:<\/p><ul><li>TonePilot AI wird \u201cwie besehen\u201d bereitgestellt\u201d<\/li><li>Wir sind nicht verantwortlich f\u00fcr indirekte, beil\u00e4ufige oder Folgesch\u00e4den<\/li><li>Unsere Haftung ist auf den Betrag begrenzt, der f\u00fcr die Dienstleistung bezahlt wurde (falls vorhanden)<\/li><\/ul><h3 style=\"font-size: 25px;letter-spacing: -2px\">9. \u00c4nderungen der Bedingungen<\/h3><p>Wir k\u00f6nnen diese Bedingungen von Zeit zu Zeit aktualisieren. Die fortgesetzte Nutzung des Dienstes bedeutet, dass Sie die aktualisierten Bedingungen akzeptieren.<\/p><h3 style=\"font-size: 25px;letter-spacing: -2px\">10. Kontakt<\/h3><p>Bei Fragen zu diesen Bedingungen kontaktieren Sie uns bitte unter: <strong>E-Mail:<\/strong> hello@tonepilotai.com<\/p>\t\t\n\t<\/div>\n<\/div>\t\t\t\t<\/div>\n\t\t\t\t<\/div>\n\t\t\t\t\t<\/div>\r\n\t\t\t\t<\/div>\r\n\t\t\t\t<\/div>","protected":false},"excerpt":{"rendered":"<p>Terms of Service Last updated: 2026-03-18 Welcome to TonePilot AI. By using our service, you agree to the following terms. 1. Overview TonePilot AI provides AI-powered chatbot tools that learn from your website and help answer visitor questions. By accessing or using our platform, you agree to use it responsibly and in accordance with these [&hellip;]<\/p>\n","protected":false},"author":1,"featured_media":0,"parent":0,"menu_order":0,"comment_status":"closed","ping_status":"closed","template":"","meta":{"footnotes":""},"class_list":["post-18483","page","type-page","status-publish","hentry"],"yoast_head":"<!-- This site is optimized with the Yoast SEO plugin v27.5 - https:\/\/yoast.com\/product\/yoast-seo-wordpress\/ -->\n<title>Terms of Service | TonePilot AI<\/title>\n<meta name=\"robots\" content=\"index, follow, max-snippet:-1, max-image-preview:large, max-video-preview:-1\" \/>\n<link rel=\"canonical\" href=\"https:\/\/tonepilotai.com\/de\/terms-of-service\/\" \/>\n<meta property=\"og:locale\" content=\"de_DE\" \/>\n<meta property=\"og:type\" content=\"article\" \/>\n<meta property=\"og:title\" content=\"Terms of Service | TonePilot AI\" \/>\n<meta property=\"og:description\" content=\"Terms of Service Last updated: 2026-03-18 Welcome to TonePilot AI. By using our service, you agree to the following terms. 1. Overview TonePilot AI provides AI-powered chatbot tools that learn from your website and help answer visitor questions. By accessing or using our platform, you agree to use it responsibly and in accordance with these [&hellip;]\" \/>\n<meta property=\"og:url\" content=\"https:\/\/tonepilotai.com\/de\/terms-of-service\/\" \/>\n<meta property=\"og:site_name\" content=\"Tone Pilot AI\" \/>\n<meta property=\"article:modified_time\" content=\"2026-03-19T07:06:58+00:00\" \/>\n<meta name=\"twitter:card\" content=\"summary_large_image\" \/>\n<meta name=\"twitter:label1\" content=\"Gesch\u00e4tzte Lesezeit\" \/>\n\t<meta name=\"twitter:data1\" content=\"2\u00a0Minuten\" \/>\n<script type=\"application\/ld+json\" class=\"yoast-schema-graph\">{\"@context\":\"https:\\\/\\\/schema.org\",\"@graph\":[{\"@type\":\"WebPage\",\"@id\":\"https:\\\/\\\/tonepilotai.com\\\/terms-of-service\\\/\",\"url\":\"https:\\\/\\\/tonepilotai.com\\\/terms-of-service\\\/\",\"name\":\"Terms of Service | TonePilot AI\",\"isPartOf\":{\"@id\":\"https:\\\/\\\/tonepilotai.com\\\/#website\"},\"datePublished\":\"2026-03-18T17:49:52+00:00\",\"dateModified\":\"2026-03-19T07:06:58+00:00\",\"breadcrumb\":{\"@id\":\"https:\\\/\\\/tonepilotai.com\\\/terms-of-service\\\/#breadcrumb\"},\"inLanguage\":\"de\",\"potentialAction\":[{\"@type\":\"ReadAction\",\"target\":[\"https:\\\/\\\/tonepilotai.com\\\/terms-of-service\\\/\"]}]},{\"@type\":\"BreadcrumbList\",\"@id\":\"https:\\\/\\\/tonepilotai.com\\\/terms-of-service\\\/#breadcrumb\",\"itemListElement\":[{\"@type\":\"ListItem\",\"position\":1,\"name\":\"Home\",\"item\":\"https:\\\/\\\/tonepilotai.com\\\/\"},{\"@type\":\"ListItem\",\"position\":2,\"name\":\"Terms of Service\"}]},{\"@type\":\"WebSite\",\"@id\":\"https:\\\/\\\/tonepilotai.com\\\/#website\",\"url\":\"https:\\\/\\\/tonepilotai.com\\\/\",\"name\":\"Tone Pilot AI\",\"description\":\"\",\"potentialAction\":[{\"@type\":\"SearchAction\",\"target\":{\"@type\":\"EntryPoint\",\"urlTemplate\":\"https:\\\/\\\/tonepilotai.com\\\/?s={search_term_string}\"},\"query-input\":{\"@type\":\"PropertyValueSpecification\",\"valueRequired\":true,\"valueName\":\"search_term_string\"}}],\"inLanguage\":\"de\"}]}<\/script>\n<!-- \/ Yoast SEO plugin. -->","yoast_head_json":{"title":"Nutzungsbedingungen | TonePilot AI","robots":{"index":"index","follow":"follow","max-snippet":"max-snippet:-1","max-image-preview":"max-image-preview:large","max-video-preview":"max-video-preview:-1"},"canonical":"https:\/\/tonepilotai.com\/de\/terms-of-service\/","og_locale":"de_DE","og_type":"article","og_title":"Terms of Service | TonePilot AI","og_description":"Terms of Service Last updated: 2026-03-18 Welcome to TonePilot AI. By using our service, you agree to the following terms. 1. Overview TonePilot AI provides AI-powered chatbot tools that learn from your website and help answer visitor questions. By accessing or using our platform, you agree to use it responsibly and in accordance with these [&hellip;]","og_url":"https:\/\/tonepilotai.com\/de\/terms-of-service\/","og_site_name":"Tone Pilot AI","article_modified_time":"2026-03-19T07:06:58+00:00","twitter_card":"summary_large_image","twitter_misc":{"Gesch\u00e4tzte Lesezeit":"2\u00a0Minuten"},"schema":{"@context":"https:\/\/schema.org","@graph":[{"@type":"WebPage","@id":"https:\/\/tonepilotai.com\/terms-of-service\/","url":"https:\/\/tonepilotai.com\/terms-of-service\/","name":"Nutzungsbedingungen | TonePilot AI","isPartOf":{"@id":"https:\/\/tonepilotai.com\/#website"},"datePublished":"2026-03-18T17:49:52+00:00","dateModified":"2026-03-19T07:06:58+00:00","breadcrumb":{"@id":"https:\/\/tonepilotai.com\/terms-of-service\/#breadcrumb"},"inLanguage":"de","potentialAction":[{"@type":"ReadAction","target":["https:\/\/tonepilotai.com\/terms-of-service\/"]}]},{"@type":"BreadcrumbList","@id":"https:\/\/tonepilotai.com\/terms-of-service\/#breadcrumb","itemListElement":[{"@type":"ListItem","position":1,"name":"Home","item":"https:\/\/tonepilotai.com\/"},{"@type":"ListItem","position":2,"name":"Terms of Service"}]},{"@type":"WebSite","@id":"https:\/\/tonepilotai.com\/#website","url":"https:\/\/tonepilotai.com\/","name":"Ton-Pilot KI","description":"","potentialAction":[{"@type":"SearchAction","target":{"@type":"EntryPoint","urlTemplate":"https:\/\/tonepilotai.com\/?s={search_term_string}"},"query-input":{"@type":"PropertyValueSpecification","valueRequired":true,"valueName":"search_term_string"}}],"inLanguage":"de"}]}},"_links":{"self":[{"href":"https:\/\/tonepilotai.com\/de\/wp-json\/wp\/v2\/pages\/18483","targetHints":{"allow":["GET"]}}],"collection":[{"href":"https:\/\/tonepilotai.com\/de\/wp-json\/wp\/v2\/pages"}],"about":[{"href":"https:\/\/tonepilotai.com\/de\/wp-json\/wp\/v2\/types\/page"}],"author":[{"embeddable":true,"href":"https:\/\/tonepilotai.com\/de\/wp-json\/wp\/v2\/users\/1"}],"replies":[{"embeddable":true,"href":"https:\/\/tonepilotai.com\/de\/wp-json\/wp\/v2\/comments?post=18483"}],"version-history":[{"count":35,"href":"https:\/\/tonepilotai.com\/de\/wp-json\/wp\/v2\/pages\/18483\/revisions"}],"predecessor-version":[{"id":18716,"href":"https:\/\/tonepilotai.com\/de\/wp-json\/wp\/v2\/pages\/18483\/revisions\/18716"}],"wp:attachment":[{"href":"https:\/\/tonepilotai.com\/de\/wp-json\/wp\/v2\/media?parent=18483"}],"curies":[{"name":"wp","href":"https:\/\/api.w.org\/{rel}","templated":true}]}}