{"id":18523,"date":"2026-03-18T18:06:17","date_gmt":"2026-03-18T18:06:17","guid":{"rendered":"https:\/\/tonepilotai.com\/?page_id=18523"},"modified":"2026-03-19T07:06:45","modified_gmt":"2026-03-19T07:06:45","slug":"privacy-policy","status":"publish","type":"page","link":"https:\/\/tonepilotai.com\/de\/privacy-policy\/","title":{"rendered":"Datenschutzrichtlinie"},"content":{"rendered":"<div data-elementor-type=\"wp-page\" data-elementor-id=\"18523\" class=\"elementor elementor-18523\">\n\t\t\t\t<div class=\"elementor-element elementor-element-24364f2 e-flex e-con-boxed e-con e-parent\" data-id=\"24364f2\" data-element_type=\"container\" data-e-type=\"container\">\t\t\t<div class=\"e-con-inner\">\r\n\t\t\t\t<div class=\"elementor-element elementor-element-374b640 elementor-widget elementor-widget-pxl_text_editor\" data-id=\"374b640\" data-element_type=\"widget\" data-e-type=\"widget\" data-widget_type=\"pxl_text_editor.default\">\n\t\t\t\t<div class=\"elementor-widget-container\">\n\t\t\t\t\t<div class=\"pxl-text-editor\">\n\t<div class=\"pxl-text-editor__inner\" data-wow-delay=\"ms\" >\n\t\t<h1 style=\"font-size: 30px;letter-spacing: -2px\">Datenschutzrichtlinie<\/h1><p><strong>Zuletzt aktualisiert:<\/strong> 2026-03-18<\/p><p>TonePilot AI (\u201cwir\u201d, \u201cunser\u201d oder \u201cuns\u201d) respektiert Ihre Privatsph\u00e4re und verpflichtet sich, Ihre Daten zu sch\u00fctzen. Diese Richtlinie erl\u00e4utert, welche Informationen wir sammeln und wie wir sie verwenden.<\/p><h3 style=\"font-size: 25px;letter-spacing: -2px\">1. Informationen, die wir sammeln<\/h3><h4 style=\"font-size: 20px;letter-spacing: -2px\">Kontoinformationen<\/h4><p>Wenn Sie sich registrieren oder uns kontaktieren, k\u00f6nnen wir Folgendes sammeln:<\/p><ul><li>Name<\/li><li>E-Mail-Adresse<\/li><li>Unternehmens- oder Website-Informationen<\/li><\/ul><h4 style=\"font-size: 20px;letter-spacing: -2px\">Website-Daten<\/h4><p>Zur Bereitstellung unseres Dienstes k\u00f6nnen wir auf Folgendes zugreifen und es verarbeiten:<\/p><ul><li>Inhalte von Ihrer Website<\/li><li>\u00d6ffentliche Seiten und Sitemap-Daten<\/li><\/ul><p>Dies wird zum Trainieren Ihres Chatbots verwendet.<\/p><h4 style=\"font-size: 20px;letter-spacing: -2px\">Gespr\u00e4chsdaten<\/h4><p>Wir sammeln und speichern Chatbot-Konversationen, darunter:<\/p><ul><li>Fragen von Ihren Website-Besuchern<\/li><li>KI-generierte Antworten<\/li><\/ul><p>Dies hilft Ihnen, Interaktionen zu \u00fcberpr\u00fcfen und Ihren Chatbot zu verbessern.<\/p><h4 style=\"font-size: 20px;letter-spacing: -2px\">Nutzungsdaten<\/h4><p>Wir k\u00f6nnen grundlegende Nutzungsdaten sammeln, wie zum Beispiel:<\/p><ul><li>Anmeldeaktivit\u00e4t<\/li><li>Funktionsnutzung<\/li><li>Leistungskennzahlen<\/li><\/ul><h3 style=\"font-size: 25px;letter-spacing: -2px\">2. Wie wir Ihre Informationen nutzen<\/h3><p>Wir nutzen Ihre Daten, um:<\/p><ul><li>Stellen Sie die TonePilot KI-Plattform bereit und betreiben Sie sie<\/li><li>Trainieren und verbessern Sie Ihren Chatbot<\/li><li>Konversationsverlauf und Analysen anzeigen<\/li><li>Verbessern Sie unseren Service und unsere Funktionen<\/li><li>Mit Ihnen \u00fcber Updates oder Support kommunizieren<\/li><\/ul><h3 style=\"font-size: 25px;letter-spacing: -2px\">3. Datenbesitz<\/h3><p>Sie behalten das Eigentum an:<\/p><ul><li>Ihre Website-Inhalte<\/li><li>Ihre Chatbot-Daten<\/li><li>Deine Gespr\u00e4che<\/li><\/ul><p>Wir verkaufen Ihre Daten nicht.<\/p><h3 style=\"font-size: 25px;letter-spacing: -2px\">4. Datenaustausch<\/h3><p>Wir verkaufen oder vermieten Ihre pers\u00f6nlichen Daten nicht.<\/p><p>Wir tauschen Daten nur im Bedarfsfall mit vertrauensw\u00fcrdigen Dienstleistern (wie Hosting-, Analyse- oder E-Mail-Diensten) aus, um die Plattform zu betreiben.<\/p><h3 style=\"font-size: 25px;letter-spacing: -2px\">5. Datensicherheit<\/h3><p>Wir unternehmen angemessene Schritte, um Ihre Daten zu sch\u00fctzen, darunter:<\/p><ul><li>Sichere Authentifizierung<\/li><li>Ratenbegrenzung und Zugriffskontrollen<\/li><li>Infrastrukturebene Sicherheit<\/li><\/ul><p>Jedoch ist kein System vollkommen sicher.<\/p><h3 style=\"font-size: 25px;letter-spacing: -2px\">6. Datenspeicherung<\/h3><p>Wir speichern Ihre Daten nur so lange, wie es zur Erbringung der Dienstleistung notwendig ist. Sie k\u00f6nnen jederzeit die L\u00f6schung Ihrer Daten beantragen.<\/p><h3 style=\"font-size: 25px;letter-spacing: -2px\">7. Cookies<\/h3><p>Wir k\u00f6nnen Cookies oder \u00e4hnliche Technologien verwenden, um:<\/p><ul><li>Sitzungen beibehalten<\/li><li>Benutzererfahrung verbessern<\/li><li>Nutzung analysieren<\/li><\/ul><p>Sie k\u00f6nnen Cookies \u00fcber Ihre Browsereinstellungen steuern.<\/p><h3 style=\"font-size: 25px;letter-spacing: -2px\">8. Drittanbieter-Dienste<\/h3><p>TonePilot AI kann sich auf Drittanbieterdienste (wie KI-Anbieter, Hosting oder E-Mail-Zustellung) verlassen. Diese Dienste verarbeiten Daten, um die Funktionalit\u00e4t bereitzustellen.<\/p><h3 style=\"font-size: 25px;letter-spacing: -2px\">9. Ihre Rechte<\/h3><p>Sie haben das Recht:<\/p><ul><li>Greifen Sie auf Ihre Daten zu<\/li><li>Korrekturen anfordern<\/li><li>L\u00f6schung anfordern<\/li><\/ul><p>Um eine Anfrage zu stellen, kontaktieren Sie uns unter der unten angegebenen E-Mail-Adresse.<\/p><h3 style=\"font-size: 25px;letter-spacing: -2px\">10. \u00c4nderungen an dieser Richtlinie<\/h3><p>Wir k\u00f6nnen diese Datenschutzerkl\u00e4rung von Zeit zu Zeit aktualisieren. Die fortgesetzte Nutzung des Dienstes bedeutet, dass Sie die aktualisierte Version akzeptieren.<\/p><h3 style=\"font-size: 25px;letter-spacing: -2px\">11. Kontakt<\/h3><p>Wenn Sie Fragen zu dieser Datenschutzerkl\u00e4rung haben, kontaktieren Sie uns unter: <strong>E-Mail:<\/strong> hello@tonepilotai.com<\/p>\t\t\n\t<\/div>\n<\/div>\t\t\t\t<\/div>\n\t\t\t\t<\/div>\n\t\t\t\t\t<\/div>\r\n\t\t\t\t<\/div>\r\n\t\t\t\t<\/div>","protected":false},"excerpt":{"rendered":"<p>Privacy Policy Last updated: 2026-03-18 TonePilot AI (\u201cwe\u201d, \u201cour\u201d, or \u201cus\u201d) respects your privacy and is committed to protecting your data. This policy explains what information we collect and how we use it. 1. Information We Collect Account Information When you sign up or contact us, we may collect: Name Email address Company or website [&hellip;]<\/p>\n","protected":false},"author":1,"featured_media":0,"parent":0,"menu_order":0,"comment_status":"closed","ping_status":"closed","template":"","meta":{"footnotes":""},"class_list":["post-18523","page","type-page","status-publish","hentry"],"yoast_head":"<!-- This site is optimized with the Yoast SEO plugin v27.5 - https:\/\/yoast.com\/product\/yoast-seo-wordpress\/ -->\n<title>Privacy Policy | TonePilot AI<\/title>\n<meta name=\"robots\" content=\"index, follow, max-snippet:-1, max-image-preview:large, max-video-preview:-1\" \/>\n<link rel=\"canonical\" href=\"https:\/\/tonepilotai.com\/de\/privacy-policy\/\" \/>\n<meta property=\"og:locale\" content=\"de_DE\" \/>\n<meta property=\"og:type\" content=\"article\" \/>\n<meta property=\"og:title\" content=\"Privacy Policy | TonePilot AI\" \/>\n<meta property=\"og:description\" content=\"Privacy Policy Last updated: 2026-03-18 TonePilot AI (\u201cwe\u201d, \u201cour\u201d, or \u201cus\u201d) respects your privacy and is committed to protecting your data. This policy explains what information we collect and how we use it. 1. Information We Collect Account Information When you sign up or contact us, we may collect: Name Email address Company or website [&hellip;]\" \/>\n<meta property=\"og:url\" content=\"https:\/\/tonepilotai.com\/de\/privacy-policy\/\" \/>\n<meta property=\"og:site_name\" content=\"Tone Pilot AI\" \/>\n<meta property=\"article:modified_time\" content=\"2026-03-19T07:06:45+00:00\" \/>\n<meta name=\"twitter:card\" content=\"summary_large_image\" \/>\n<meta name=\"twitter:label1\" content=\"Gesch\u00e4tzte Lesezeit\" \/>\n\t<meta name=\"twitter:data1\" content=\"2\u00a0Minuten\" \/>\n<script type=\"application\/ld+json\" class=\"yoast-schema-graph\">{\"@context\":\"https:\\\/\\\/schema.org\",\"@graph\":[{\"@type\":\"WebPage\",\"@id\":\"https:\\\/\\\/tonepilotai.com\\\/privacy-policy\\\/\",\"url\":\"https:\\\/\\\/tonepilotai.com\\\/privacy-policy\\\/\",\"name\":\"Privacy Policy | TonePilot AI\",\"isPartOf\":{\"@id\":\"https:\\\/\\\/tonepilotai.com\\\/#website\"},\"datePublished\":\"2026-03-18T18:06:17+00:00\",\"dateModified\":\"2026-03-19T07:06:45+00:00\",\"breadcrumb\":{\"@id\":\"https:\\\/\\\/tonepilotai.com\\\/privacy-policy\\\/#breadcrumb\"},\"inLanguage\":\"de\",\"potentialAction\":[{\"@type\":\"ReadAction\",\"target\":[\"https:\\\/\\\/tonepilotai.com\\\/privacy-policy\\\/\"]}]},{\"@type\":\"BreadcrumbList\",\"@id\":\"https:\\\/\\\/tonepilotai.com\\\/privacy-policy\\\/#breadcrumb\",\"itemListElement\":[{\"@type\":\"ListItem\",\"position\":1,\"name\":\"Home\",\"item\":\"https:\\\/\\\/tonepilotai.com\\\/\"},{\"@type\":\"ListItem\",\"position\":2,\"name\":\"Privacy Policy\"}]},{\"@type\":\"WebSite\",\"@id\":\"https:\\\/\\\/tonepilotai.com\\\/#website\",\"url\":\"https:\\\/\\\/tonepilotai.com\\\/\",\"name\":\"Tone Pilot AI\",\"description\":\"\",\"potentialAction\":[{\"@type\":\"SearchAction\",\"target\":{\"@type\":\"EntryPoint\",\"urlTemplate\":\"https:\\\/\\\/tonepilotai.com\\\/?s={search_term_string}\"},\"query-input\":{\"@type\":\"PropertyValueSpecification\",\"valueRequired\":true,\"valueName\":\"search_term_string\"}}],\"inLanguage\":\"de\"}]}<\/script>\n<!-- \/ Yoast SEO plugin. -->","yoast_head_json":{"title":"Datenschutzrichtlinie | TonePilot AI","robots":{"index":"index","follow":"follow","max-snippet":"max-snippet:-1","max-image-preview":"max-image-preview:large","max-video-preview":"max-video-preview:-1"},"canonical":"https:\/\/tonepilotai.com\/de\/privacy-policy\/","og_locale":"de_DE","og_type":"article","og_title":"Privacy Policy | TonePilot AI","og_description":"Privacy Policy Last updated: 2026-03-18 TonePilot AI (\u201cwe\u201d, \u201cour\u201d, or \u201cus\u201d) respects your privacy and is committed to protecting your data. This policy explains what information we collect and how we use it. 1. Information We Collect Account Information When you sign up or contact us, we may collect: Name Email address Company or website [&hellip;]","og_url":"https:\/\/tonepilotai.com\/de\/privacy-policy\/","og_site_name":"Tone Pilot AI","article_modified_time":"2026-03-19T07:06:45+00:00","twitter_card":"summary_large_image","twitter_misc":{"Gesch\u00e4tzte Lesezeit":"2\u00a0Minuten"},"schema":{"@context":"https:\/\/schema.org","@graph":[{"@type":"WebPage","@id":"https:\/\/tonepilotai.com\/privacy-policy\/","url":"https:\/\/tonepilotai.com\/privacy-policy\/","name":"Datenschutzrichtlinie | TonePilot AI","isPartOf":{"@id":"https:\/\/tonepilotai.com\/#website"},"datePublished":"2026-03-18T18:06:17+00:00","dateModified":"2026-03-19T07:06:45+00:00","breadcrumb":{"@id":"https:\/\/tonepilotai.com\/privacy-policy\/#breadcrumb"},"inLanguage":"de","potentialAction":[{"@type":"ReadAction","target":["https:\/\/tonepilotai.com\/privacy-policy\/"]}]},{"@type":"BreadcrumbList","@id":"https:\/\/tonepilotai.com\/privacy-policy\/#breadcrumb","itemListElement":[{"@type":"ListItem","position":1,"name":"Home","item":"https:\/\/tonepilotai.com\/"},{"@type":"ListItem","position":2,"name":"Privacy Policy"}]},{"@type":"WebSite","@id":"https:\/\/tonepilotai.com\/#website","url":"https:\/\/tonepilotai.com\/","name":"Ton-Pilot KI","description":"","potentialAction":[{"@type":"SearchAction","target":{"@type":"EntryPoint","urlTemplate":"https:\/\/tonepilotai.com\/?s={search_term_string}"},"query-input":{"@type":"PropertyValueSpecification","valueRequired":true,"valueName":"search_term_string"}}],"inLanguage":"de"}]}},"_links":{"self":[{"href":"https:\/\/tonepilotai.com\/de\/wp-json\/wp\/v2\/pages\/18523","targetHints":{"allow":["GET"]}}],"collection":[{"href":"https:\/\/tonepilotai.com\/de\/wp-json\/wp\/v2\/pages"}],"about":[{"href":"https:\/\/tonepilotai.com\/de\/wp-json\/wp\/v2\/types\/page"}],"author":[{"embeddable":true,"href":"https:\/\/tonepilotai.com\/de\/wp-json\/wp\/v2\/users\/1"}],"replies":[{"embeddable":true,"href":"https:\/\/tonepilotai.com\/de\/wp-json\/wp\/v2\/comments?post=18523"}],"version-history":[{"count":5,"href":"https:\/\/tonepilotai.com\/de\/wp-json\/wp\/v2\/pages\/18523\/revisions"}],"predecessor-version":[{"id":18715,"href":"https:\/\/tonepilotai.com\/de\/wp-json\/wp\/v2\/pages\/18523\/revisions\/18715"}],"wp:attachment":[{"href":"https:\/\/tonepilotai.com\/de\/wp-json\/wp\/v2\/media?parent=18523"}],"curies":[{"name":"wp","href":"https:\/\/api.w.org\/{rel}","templated":true}]}}