{"id":3849,"date":"2025-05-26T09:11:10","date_gmt":"2025-05-26T09:11:10","guid":{"rendered":"http:\/\/brighthub.casethemes.net\/?page_id=3849"},"modified":"2026-04-04T11:11:37","modified_gmt":"2026-04-04T11:11:37","slug":"about-us","status":"publish","type":"page","link":"https:\/\/tonepilotai.com\/de\/about-us\/","title":{"rendered":"\u00dcber uns"},"content":{"rendered":"<div data-elementor-type=\"wp-page\" data-elementor-id=\"3849\" class=\"elementor elementor-3849\">\n\t\t\t\t<div class=\"elementor-element elementor-element-8f8c5ef e-flex e-con-boxed e-con e-parent\" data-id=\"8f8c5ef\" data-element_type=\"container\" data-e-type=\"container\">\t\t\t<div class=\"e-con-inner\">\r\n\t\t\t\t<div class=\"elementor-element elementor-element-e3ee9cb elementor-widget elementor-widget-pxl_heading\" data-id=\"e3ee9cb\" data-element_type=\"widget\" data-e-type=\"widget\" data-widget_type=\"pxl_heading.default\">\n\t\t\t\t<div class=\"elementor-widget-container\">\n\t\t\t\t\t\r\n<div id=\"pxl-pxl_heading-e3ee9cb-6825\" class=\"pxl-heading\" data-animation-type=\"df\">\r\n\t<div class=\"pxl-heading__inner\">\r\n\t\t\t\t\t<div class=\"pxl-heading__sub pxl-heading__sub-slogan  pxl-heading__sub-center\" data-wow-delay=\"ms\">\r\n\t\t\t\t\r\n\t\t\t\t\t\t\t\t\t<span class=\"pxl-heading__sub-slogan--bef\">\r\n\t\t\t\t\t\tUnsere Geschichte\t\t\t\t\t<\/span>\r\n\t\t\t\t\r\n\t\t\t\t\t\t\t\t\t<span class=\"pxl-heading__sub-slogan--aft\">\r\n\t\t\t\t\t\tWarum wir TonePilot AI gebaut haben\t\t\t\t\t<\/span>\r\n\t\t\t\t\t<svg xmlns=\"http:\/\/www.w3.org\/2000\/svg\" width=\"16\" height=\"16\" viewbox=\"0 0 16 16\" fill=\"none\">\r\n\t\t\t\t\t\t<path d=\"M9.62012 3.95312L13.6668 7.99979L9.62012 12.0465\" stroke=\"#181D27\" stroke-width=\"1.33333\" stroke-miterlimit=\"10\" stroke-linecap=\"round\" stroke-linejoin=\"round\"\/>\r\n\t\t\t\t\t\t<path d=\"M2.33398 8H13.554\" stroke=\"#181D27\" stroke-width=\"1.33333\" stroke-miterlimit=\"10\" stroke-linecap=\"round\" stroke-linejoin=\"round\"\/>\r\n\t\t\t\t\t<\/svg>\r\n\t\t\t\t\t\t\t<\/div>\r\n\t\t\t\r\n\t\t<h3 class=\"pxl-heading__title pxl-heading__style-default pxl-heading__highlight-default  df\" data-wow-delay=\"ms\" >\r\n\t\t<span class=\"pxl-heading__text\">\r\n\t\t\t\r\n\t\t\t\t\t\t\t\u00dcber<br>TonePilot KI\t\r\n\t\t\t\t\r\n\t\t\t\r\n\t\t<\/span>\r\n\t\t<\/h3>\r\n\t<\/div>\r\n\t\r\n<\/div>\t\t\t\t<\/div>\n\t\t\t\t<\/div>\n\t\t<div class=\"elementor-element elementor-element-2a9a73e e-con-full e-flex e-con e-child\" data-id=\"2a9a73e\" data-element_type=\"container\" data-e-type=\"container\"><div class=\"elementor-element elementor-element-36b5f84 e-con-full e-flex e-con e-child\" data-id=\"36b5f84\" data-element_type=\"container\" data-e-type=\"container\">\t\t<div class=\"elementor-element elementor-element-4c93db1 elementor-widget elementor-widget-pxl_image\" data-id=\"4c93db1\" data-element_type=\"widget\" data-e-type=\"widget\" data-widget_type=\"pxl_image.default\">\n\t\t\t\t<div class=\"elementor-widget-container\">\n\t\t\t\t\t<div id=\"pxl_image-4c93db1-5394\" class=\"pxl-image pxl-disable-parallax-sm\" data-wow-delay=\"ms\"   >\r\n    <div class=\"pxl-image__inner\" data-wow-delay=\"120ms\">\r\n                \r\n                                <div class=\"pxl-image__item\"   >\r\n                                                                            <img fetchpriority=\"high\" decoding=\"async\" width=\"2560\" height=\"1682\" src=\"https:\/\/tonepilotai.com\/wp-content\/uploads\/2026\/04\/Turning-websites-feat2.jpg\" class=\"attachment-full\" alt=\"\" >                                                                    <\/div>\r\n                                <\/div>\r\n<\/div>\t\t\t\t<\/div>\n\t\t\t\t<\/div>\n\t\t\t\t<div class=\"elementor-element elementor-element-bd4ac75 elementor-absolute elementor-widget elementor-widget-pxl_image\" data-id=\"bd4ac75\" data-element_type=\"widget\" data-e-type=\"widget\" data-settings=\"{&quot;_position&quot;:&quot;absolute&quot;}\" data-widget_type=\"pxl_image.default\">\n\t\t\t\t<div class=\"elementor-widget-container\">\n\t\t\t\t\t<div id=\"pxl_image-bd4ac75-4953\" class=\"pxl-image pxl-disable-parallax-sm\" data-wow-delay=\"ms\"   >\r\n    <div class=\"pxl-image__inner\" data-wow-delay=\"120ms\">\r\n                \r\n                                <div class=\"pxl-image__item\"   >\r\n                                                                            <img decoding=\"async\" width=\"273\" height=\"248\" src=\"https:\/\/tonepilotai.com\/wp-content\/uploads\/2025\/06\/shape-dot.svg\" class=\"attachment-full\" alt=\"\" >                                                                    <\/div>\r\n                                <\/div>\r\n<\/div>\t\t\t\t<\/div>\n\t\t\t\t<\/div>\n\t\t\t\t<div class=\"elementor-element elementor-element-95aef16 elementor-absolute elementor-widget elementor-widget-pxl_image\" data-id=\"95aef16\" data-element_type=\"widget\" data-e-type=\"widget\" data-settings=\"{&quot;_position&quot;:&quot;absolute&quot;}\" data-widget_type=\"pxl_image.default\">\n\t\t\t\t<div class=\"elementor-widget-container\">\n\t\t\t\t\t<div id=\"pxl_image-95aef16-6570\" class=\"pxl-image pxl-disable-parallax-sm\" data-wow-delay=\"ms\"   >\r\n    <div class=\"pxl-image__inner\" data-wow-delay=\"120ms\">\r\n                \r\n                                <div class=\"pxl-image__item\"   >\r\n                                                                            <img decoding=\"async\" width=\"273\" height=\"248\" src=\"https:\/\/tonepilotai.com\/wp-content\/uploads\/2025\/06\/shape-dot.svg\" class=\"attachment-full\" alt=\"\" >                                                                    <\/div>\r\n                                <\/div>\r\n<\/div>\t\t\t\t<\/div>\n\t\t\t\t<\/div>\n\t\t\t\t<\/div>\r\n\t\t<div class=\"elementor-element elementor-element-d73631f e-con-full e-flex e-con e-child\" data-id=\"d73631f\" data-element_type=\"container\" data-e-type=\"container\">\t\t<div class=\"elementor-element elementor-element-ad7d3d1 elementor-widget-mobile__width-inherit elementor-widget elementor-widget-pxl_heading\" data-id=\"ad7d3d1\" data-element_type=\"widget\" data-e-type=\"widget\" data-widget_type=\"pxl_heading.default\">\n\t\t\t\t<div class=\"elementor-widget-container\">\n\t\t\t\t\t\r\n<div id=\"pxl-pxl_heading-ad7d3d1-3714\" class=\"pxl-heading\" data-animation-type=\"df\">\r\n\t<div class=\"pxl-heading__inner\">\r\n\t\t\t\t\t<div class=\"pxl-heading__sub pxl-heading__sub-box  pxl-heading__sub-left\" data-wow-delay=\"ms\">\r\n\t\t\t\t\r\n\t\t\t\t\t\t\t\t\t\t\t\t\t\tWer wir sind\t\t\t\t\t\t\t\t\t\r\n\t\t\t\t\t\t\t<\/div>\r\n\t\t\t\r\n\t\t<h5 class=\"pxl-heading__title pxl-heading__style-default pxl-heading__highlight-default  df\" data-wow-delay=\"ms\" >\r\n\t\t<span class=\"pxl-heading__text\">\r\n\t\t\t\r\n\t\t\t\t\t\t\tWebsites drehen<br>in echte Gespr\u00e4che\t\r\n\t\t\t\t\r\n\t\t\t\r\n\t\t<\/span>\r\n\t\t<\/h5>\r\n\t<\/div>\r\n\t\r\n<\/div>\t\t\t\t<\/div>\n\t\t\t\t<\/div>\n\t\t\t\t<div class=\"elementor-element elementor-element-17e1c4d elementor-widget elementor-widget-pxl_text_editor\" data-id=\"17e1c4d\" data-element_type=\"widget\" data-e-type=\"widget\" data-widget_type=\"pxl_text_editor.default\">\n\t\t\t\t<div class=\"elementor-widget-container\">\n\t\t\t\t\t<div class=\"pxl-text-editor\">\n\t<div class=\"pxl-text-editor__inner\" data-wow-delay=\"ms\" >\n\t\t<p>Wir entwickeln TonePilot KI, um Unternehmen dabei zu helfen, ihre Websites in intelligente Assistenten zu verwandeln. Durch die Kombination von fortschrittlicher KI mit Ihren realen Website-Inhalten machen wir es einfach, Besucherfragen zu beantworten, sie auf nat\u00fcrliche Weise einzubinden und bessere Kundenerlebnisse zu schaffen, ohne Ihren Workflow zu verkomplizieren.<\/p>\t\t\n\t<\/div>\n<\/div>\t\t\t\t<\/div>\n\t\t\t\t<\/div>\n\t\t\t\t<\/div>\r\n\t\t\t\t<\/div>\r\n\t\t<div class=\"elementor-element elementor-element-15e3af4 e-con-full e-flex e-con e-child\" data-id=\"15e3af4\" data-element_type=\"container\" data-e-type=\"container\"><div class=\"elementor-element elementor-element-5caab57 e-con-full e-flex e-con e-child\" data-id=\"5caab57\" data-element_type=\"container\" data-e-type=\"container\">\t\t<div class=\"elementor-element elementor-element-8f164a1 elementor-widget-mobile__width-inherit elementor-widget elementor-widget-pxl_heading\" data-id=\"8f164a1\" data-element_type=\"widget\" data-e-type=\"widget\" data-widget_type=\"pxl_heading.default\">\n\t\t\t\t<div class=\"elementor-widget-container\">\n\t\t\t\t\t\r\n<div id=\"pxl-pxl_heading-8f164a1-5685\" class=\"pxl-heading\" data-animation-type=\"df\">\r\n\t<div class=\"pxl-heading__inner\">\r\n\t\t\t\t\t<div class=\"pxl-heading__sub pxl-heading__sub-box  pxl-heading__sub-left\" data-wow-delay=\"ms\">\r\n\t\t\t\t\r\n\t\t\t\t\t\t\t\t\t\t\t\t\t\tUnsere Mission\t\t\t\t\t\t\t\t\t\r\n\t\t\t\t\t\t\t<\/div>\r\n\t\t\t\r\n\t\t<h5 class=\"pxl-heading__title pxl-heading__style-default pxl-heading__highlight-default  df\" data-wow-delay=\"ms\" >\r\n\t\t<span class=\"pxl-heading__text\">\r\n\t\t\t\r\n\t\t\t\t\t\t\tGesch\u00e4ften helfen, sich zu verbinden<br>mit jedem Besucher\t\r\n\t\t\t\t\r\n\t\t\t\r\n\t\t<\/span>\r\n\t\t<\/h5>\r\n\t<\/div>\r\n\t\r\n<\/div>\t\t\t\t<\/div>\n\t\t\t\t<\/div>\n\t\t\t\t<div class=\"elementor-element elementor-element-877ecaa elementor-widget elementor-widget-pxl_text_editor\" data-id=\"877ecaa\" data-element_type=\"widget\" data-e-type=\"widget\" data-widget_type=\"pxl_text_editor.default\">\n\t\t\t\t<div class=\"elementor-widget-container\">\n\t\t\t\t\t<div class=\"pxl-text-editor\">\n\t<div class=\"pxl-text-editor__inner\" data-wow-delay=\"ms\" >\n\t\t<p>Unsere Mission ist es, Unternehmen dabei zu helfen, keine Besucher mehr zu verlieren und echte Gespr\u00e4che zu f\u00fchren. Wir konzentrieren uns auf einfache, leistungsstarke Tools, die Fragen sofort per Text oder Sprache beantworten, Zeit sparen und Website-Traffic in sinnvolle Wachstumschancen verwandeln.<\/p>\t\t\n\t<\/div>\n<\/div>\t\t\t\t<\/div>\n\t\t\t\t<\/div>\n\t\t\t\t<\/div>\r\n\t\t<div class=\"elementor-element elementor-element-8a5d669 e-con-full e-flex e-con e-child\" data-id=\"8a5d669\" data-element_type=\"container\" data-e-type=\"container\">\t\t<div class=\"elementor-element elementor-element-4c9343a elementor-widget elementor-widget-pxl_image\" data-id=\"4c9343a\" data-element_type=\"widget\" data-e-type=\"widget\" data-widget_type=\"pxl_image.default\">\n\t\t\t\t<div class=\"elementor-widget-container\">\n\t\t\t\t\t<div id=\"pxl_image-4c9343a-5029\" class=\"pxl-image pxl-disable-parallax-sm\" data-wow-delay=\"ms\"   >\r\n    <div class=\"pxl-image__inner\" data-wow-delay=\"120ms\">\r\n                \r\n                                <div class=\"pxl-image__item\"   >\r\n                                                                            <img decoding=\"async\" width=\"2560\" height=\"1682\" src=\"https:\/\/tonepilotai.com\/wp-content\/uploads\/2026\/04\/Our-Mission-feat.jpg\" class=\"attachment-full\" alt=\"\" >                                                                    <\/div>\r\n                                <\/div>\r\n<\/div>\t\t\t\t<\/div>\n\t\t\t\t<\/div>\n\t\t\t\t<div class=\"elementor-element elementor-element-383ac9f elementor-absolute elementor-widget elementor-widget-pxl_image\" data-id=\"383ac9f\" data-element_type=\"widget\" data-e-type=\"widget\" data-settings=\"{&quot;_position&quot;:&quot;absolute&quot;}\" data-widget_type=\"pxl_image.default\">\n\t\t\t\t<div class=\"elementor-widget-container\">\n\t\t\t\t\t<div id=\"pxl_image-383ac9f-5717\" class=\"pxl-image pxl-disable-parallax-sm\" data-wow-delay=\"ms\"   >\r\n    <div class=\"pxl-image__inner\" data-wow-delay=\"120ms\">\r\n                \r\n                                <div class=\"pxl-image__item\"   >\r\n                                                                            <img decoding=\"async\" width=\"273\" height=\"248\" src=\"https:\/\/tonepilotai.com\/wp-content\/uploads\/2025\/06\/shape-dot.svg\" class=\"attachment-full\" alt=\"\" >                                                                    <\/div>\r\n                                <\/div>\r\n<\/div>\t\t\t\t<\/div>\n\t\t\t\t<\/div>\n\t\t\t\t<div class=\"elementor-element elementor-element-df67e35 elementor-absolute elementor-widget elementor-widget-pxl_image\" data-id=\"df67e35\" data-element_type=\"widget\" data-e-type=\"widget\" data-settings=\"{&quot;_position&quot;:&quot;absolute&quot;}\" data-widget_type=\"pxl_image.default\">\n\t\t\t\t<div class=\"elementor-widget-container\">\n\t\t\t\t\t<div id=\"pxl_image-df67e35-9927\" class=\"pxl-image pxl-disable-parallax-sm\" data-wow-delay=\"ms\"   >\r\n    <div class=\"pxl-image__inner\" data-wow-delay=\"120ms\">\r\n                \r\n                                <div class=\"pxl-image__item\"   >\r\n                                                                            <img decoding=\"async\" width=\"273\" height=\"248\" src=\"https:\/\/tonepilotai.com\/wp-content\/uploads\/2025\/06\/shape-dot.svg\" class=\"attachment-full\" alt=\"\" >                                                                    <\/div>\r\n                                <\/div>\r\n<\/div>\t\t\t\t<\/div>\n\t\t\t\t<\/div>\n\t\t\t\t<\/div>\r\n\t\t\t\t<\/div>\r\n\t\t<div class=\"elementor-element elementor-element-7b84474 e-con-full e-flex e-con e-child\" data-id=\"7b84474\" data-element_type=\"container\" data-e-type=\"container\"><div class=\"elementor-element elementor-element-06d9eea e-con-full e-flex e-con e-child\" data-id=\"06d9eea\" data-element_type=\"container\" data-e-type=\"container\">\t\t<div class=\"elementor-element elementor-element-31ff5e9 elementor-widget elementor-widget-pxl_image\" data-id=\"31ff5e9\" data-element_type=\"widget\" data-e-type=\"widget\" data-widget_type=\"pxl_image.default\">\n\t\t\t\t<div class=\"elementor-widget-container\">\n\t\t\t\t\t<div id=\"pxl_image-31ff5e9-1859\" class=\"pxl-image pxl-disable-parallax-sm\" data-wow-delay=\"ms\"   >\r\n    <div class=\"pxl-image__inner\" data-wow-delay=\"120ms\">\r\n                \r\n                                <div class=\"pxl-image__item\"   >\r\n                                                                            <img decoding=\"async\" width=\"2560\" height=\"1682\" src=\"https:\/\/tonepilotai.com\/wp-content\/uploads\/2026\/04\/Our-Vision.jpg\" class=\"attachment-full\" alt=\"\" >                                                                    <\/div>\r\n                                <\/div>\r\n<\/div>\t\t\t\t<\/div>\n\t\t\t\t<\/div>\n\t\t\t\t<div class=\"elementor-element elementor-element-d81415d elementor-absolute elementor-widget elementor-widget-pxl_image\" data-id=\"d81415d\" data-element_type=\"widget\" data-e-type=\"widget\" data-settings=\"{&quot;_position&quot;:&quot;absolute&quot;}\" data-widget_type=\"pxl_image.default\">\n\t\t\t\t<div class=\"elementor-widget-container\">\n\t\t\t\t\t<div id=\"pxl_image-d81415d-6224\" class=\"pxl-image pxl-disable-parallax-sm\" data-wow-delay=\"ms\"   >\r\n    <div class=\"pxl-image__inner\" data-wow-delay=\"120ms\">\r\n                \r\n                                <div class=\"pxl-image__item\"   >\r\n                                                                            <img decoding=\"async\" width=\"273\" height=\"248\" src=\"https:\/\/tonepilotai.com\/wp-content\/uploads\/2025\/06\/shape-dot.svg\" class=\"attachment-full\" alt=\"\" >                                                                    <\/div>\r\n                                <\/div>\r\n<\/div>\t\t\t\t<\/div>\n\t\t\t\t<\/div>\n\t\t\t\t<div class=\"elementor-element elementor-element-3417ebb elementor-absolute elementor-widget elementor-widget-pxl_image\" data-id=\"3417ebb\" data-element_type=\"widget\" data-e-type=\"widget\" data-settings=\"{&quot;_position&quot;:&quot;absolute&quot;}\" data-widget_type=\"pxl_image.default\">\n\t\t\t\t<div class=\"elementor-widget-container\">\n\t\t\t\t\t<div id=\"pxl_image-3417ebb-9769\" class=\"pxl-image pxl-disable-parallax-sm\" data-wow-delay=\"ms\"   >\r\n    <div class=\"pxl-image__inner\" data-wow-delay=\"120ms\">\r\n                \r\n                                <div class=\"pxl-image__item\"   >\r\n                                                                            <img decoding=\"async\" width=\"273\" height=\"248\" src=\"https:\/\/tonepilotai.com\/wp-content\/uploads\/2025\/06\/shape-dot.svg\" class=\"attachment-full\" alt=\"\" >                                                                    <\/div>\r\n                                <\/div>\r\n<\/div>\t\t\t\t<\/div>\n\t\t\t\t<\/div>\n\t\t\t\t<\/div>\r\n\t\t<div class=\"elementor-element elementor-element-6a20050 e-con-full e-flex e-con e-child\" data-id=\"6a20050\" data-element_type=\"container\" data-e-type=\"container\">\t\t<div class=\"elementor-element elementor-element-a27975f elementor-widget elementor-widget-pxl_heading\" data-id=\"a27975f\" data-element_type=\"widget\" data-e-type=\"widget\" data-widget_type=\"pxl_heading.default\">\n\t\t\t\t<div class=\"elementor-widget-container\">\n\t\t\t\t\t\r\n<div id=\"pxl-pxl_heading-a27975f-3289\" class=\"pxl-heading\" data-animation-type=\"df\">\r\n\t<div class=\"pxl-heading__inner\">\r\n\t\t\t\t\t<div class=\"pxl-heading__sub pxl-heading__sub-box  pxl-heading__sub-left\" data-wow-delay=\"ms\">\r\n\t\t\t\t\r\n\t\t\t\t\t\t\t\t\t\t\t\t\t\tUnsere Vision\t\t\t\t\t\t\t\t\t\r\n\t\t\t\t\t\t\t<\/div>\r\n\t\t\t\r\n\t\t<h5 class=\"pxl-heading__title pxl-heading__style-default pxl-heading__highlight-default  df\" data-wow-delay=\"ms\" >\r\n\t\t<span class=\"pxl-heading__text\">\r\n\t\t\t\r\n\t\t\t\t\t\t\tWebsites, die verstehen<br>und antworte\t\r\n\t\t\t\t\r\n\t\t\t\r\n\t\t<\/span>\r\n\t\t<\/h5>\r\n\t<\/div>\r\n\t\r\n<\/div>\t\t\t\t<\/div>\n\t\t\t\t<\/div>\n\t\t\t\t<div class=\"elementor-element elementor-element-63d5bf5 elementor-widget elementor-widget-pxl_text_editor\" data-id=\"63d5bf5\" data-element_type=\"widget\" data-e-type=\"widget\" data-widget_type=\"pxl_text_editor.default\">\n\t\t\t\t<div class=\"elementor-widget-container\">\n\t\t\t\t\t<div class=\"pxl-text-editor\">\n\t<div class=\"pxl-text-editor__inner\" data-wow-delay=\"ms\" >\n\t\t<p>Wir glauben, dass Websites mehr tun sollten, als nur Informationen anzuzeigen. Unsere Vision ist eine Zukunft, in der jede Website Besucher in Echtzeit verstehen, darauf reagieren und sie leiten kann, um schnellere und nat\u00fcrlichere Interaktionen zu schaffen, die sowohl f\u00fcr Unternehmen als auch f\u00fcr die Menschen, denen sie dienen, von Vorteil sind.<\/p>\t\t\n\t<\/div>\n<\/div>\t\t\t\t<\/div>\n\t\t\t\t<\/div>\n\t\t\t\t<\/div>\r\n\t\t\t\t<\/div>\r\n\t\t\t\t\t<\/div>\r\n\t\t\t\t<\/div>\r\n\t\t\t\t<\/div>","protected":false},"excerpt":{"rendered":"<p>Our Story Why we built TonePilot AI AboutTonePilot AI Who We Are Turning websitesinto real conversations We&#8217;re building TonePilot AI to help businesses turn their websites into intelligent assistants. By combining advanced AI with your real website content, we make it easy to answer visitor questions, engage them naturally, and create better customer experiences, all [&hellip;]<\/p>\n","protected":false},"author":1,"featured_media":0,"parent":0,"menu_order":0,"comment_status":"closed","ping_status":"closed","template":"","meta":{"footnotes":""},"class_list":["post-3849","page","type-page","status-publish","hentry"],"yoast_head":"<!-- This site is optimized with the Yoast SEO plugin v27.5 - https:\/\/yoast.com\/product\/yoast-seo-wordpress\/ -->\n<title>About TonePilot AI | AI Chatbot for Websites<\/title>\n<meta name=\"description\" content=\"Learn about TonePilot AI and how we help businesses turn websites into AI assistants that answer questions and engage visitors.\" \/>\n<meta name=\"robots\" content=\"index, follow, max-snippet:-1, max-image-preview:large, max-video-preview:-1\" \/>\n<link rel=\"canonical\" href=\"https:\/\/tonepilotai.com\/de\/about-us\/\" \/>\n<meta property=\"og:locale\" content=\"de_DE\" \/>\n<meta property=\"og:type\" content=\"article\" \/>\n<meta property=\"og:title\" content=\"About TonePilot AI | AI Chatbot for Websites\" \/>\n<meta property=\"og:description\" content=\"Learn about TonePilot AI and how we help businesses turn websites into AI assistants that answer questions and engage visitors.\" \/>\n<meta property=\"og:url\" content=\"https:\/\/tonepilotai.com\/de\/about-us\/\" \/>\n<meta property=\"og:site_name\" content=\"Tone Pilot AI\" \/>\n<meta property=\"article:modified_time\" content=\"2026-04-04T11:11:37+00:00\" \/>\n<meta property=\"og:image\" content=\"https:\/\/tonepilotai.com\/wp-content\/uploads\/2026\/04\/Turning-websites-feat2.jpg\" \/>\n<meta name=\"twitter:card\" content=\"summary_large_image\" \/>\n<meta name=\"twitter:label1\" content=\"Gesch\u00e4tzte Lesezeit\" \/>\n\t<meta name=\"twitter:data1\" content=\"3\u00a0Minuten\" \/>\n<script type=\"application\/ld+json\" class=\"yoast-schema-graph\">{\"@context\":\"https:\\\/\\\/schema.org\",\"@graph\":[{\"@type\":\"WebPage\",\"@id\":\"https:\\\/\\\/tonepilotai.com\\\/about-us\\\/\",\"url\":\"https:\\\/\\\/tonepilotai.com\\\/about-us\\\/\",\"name\":\"About TonePilot AI | AI Chatbot for Websites\",\"isPartOf\":{\"@id\":\"https:\\\/\\\/tonepilotai.com\\\/#website\"},\"primaryImageOfPage\":{\"@id\":\"https:\\\/\\\/tonepilotai.com\\\/about-us\\\/#primaryimage\"},\"image\":{\"@id\":\"https:\\\/\\\/tonepilotai.com\\\/about-us\\\/#primaryimage\"},\"thumbnailUrl\":\"https:\\\/\\\/tonepilotai.com\\\/wp-content\\\/uploads\\\/2026\\\/04\\\/Turning-websites-feat2.jpg\",\"datePublished\":\"2025-05-26T09:11:10+00:00\",\"dateModified\":\"2026-04-04T11:11:37+00:00\",\"description\":\"Learn about TonePilot AI and how we help businesses turn websites into AI assistants that answer questions and engage visitors.\",\"breadcrumb\":{\"@id\":\"https:\\\/\\\/tonepilotai.com\\\/about-us\\\/#breadcrumb\"},\"inLanguage\":\"de\",\"potentialAction\":[{\"@type\":\"ReadAction\",\"target\":[\"https:\\\/\\\/tonepilotai.com\\\/about-us\\\/\"]}]},{\"@type\":\"ImageObject\",\"inLanguage\":\"de\",\"@id\":\"https:\\\/\\\/tonepilotai.com\\\/about-us\\\/#primaryimage\",\"url\":\"https:\\\/\\\/tonepilotai.com\\\/wp-content\\\/uploads\\\/2026\\\/04\\\/Turning-websites-feat2.jpg\",\"contentUrl\":\"https:\\\/\\\/tonepilotai.com\\\/wp-content\\\/uploads\\\/2026\\\/04\\\/Turning-websites-feat2.jpg\"},{\"@type\":\"BreadcrumbList\",\"@id\":\"https:\\\/\\\/tonepilotai.com\\\/about-us\\\/#breadcrumb\",\"itemListElement\":[{\"@type\":\"ListItem\",\"position\":1,\"name\":\"Home\",\"item\":\"https:\\\/\\\/tonepilotai.com\\\/\"},{\"@type\":\"ListItem\",\"position\":2,\"name\":\"About Us\"}]},{\"@type\":\"WebSite\",\"@id\":\"https:\\\/\\\/tonepilotai.com\\\/#website\",\"url\":\"https:\\\/\\\/tonepilotai.com\\\/\",\"name\":\"Tone Pilot AI\",\"description\":\"\",\"potentialAction\":[{\"@type\":\"SearchAction\",\"target\":{\"@type\":\"EntryPoint\",\"urlTemplate\":\"https:\\\/\\\/tonepilotai.com\\\/?s={search_term_string}\"},\"query-input\":{\"@type\":\"PropertyValueSpecification\",\"valueRequired\":true,\"valueName\":\"search_term_string\"}}],\"inLanguage\":\"de\"}]}<\/script>\n<!-- \/ Yoast SEO plugin. -->","yoast_head_json":{"title":"\u00dcber TonePilot AI | KI-Chatbot f\u00fcr Websites","description":"Erfahren Sie mehr \u00fcber TonePilot AI und wie wir Unternehmen helfen, Websites in KI-Assistenten zu verwandeln, die Fragen beantworten und Besucher ansprechen.","robots":{"index":"index","follow":"follow","max-snippet":"max-snippet:-1","max-image-preview":"max-image-preview:large","max-video-preview":"max-video-preview:-1"},"canonical":"https:\/\/tonepilotai.com\/de\/about-us\/","og_locale":"de_DE","og_type":"article","og_title":"About TonePilot AI | AI Chatbot for Websites","og_description":"Learn about TonePilot AI and how we help businesses turn websites into AI assistants that answer questions and engage visitors.","og_url":"https:\/\/tonepilotai.com\/de\/about-us\/","og_site_name":"Tone Pilot AI","article_modified_time":"2026-04-04T11:11:37+00:00","og_image":[{"url":"https:\/\/tonepilotai.com\/wp-content\/uploads\/2026\/04\/Turning-websites-feat2.jpg","type":"","width":"","height":""}],"twitter_card":"summary_large_image","twitter_misc":{"Gesch\u00e4tzte Lesezeit":"3\u00a0Minuten"},"schema":{"@context":"https:\/\/schema.org","@graph":[{"@type":"WebPage","@id":"https:\/\/tonepilotai.com\/about-us\/","url":"https:\/\/tonepilotai.com\/about-us\/","name":"\u00dcber TonePilot AI | KI-Chatbot f\u00fcr Websites","isPartOf":{"@id":"https:\/\/tonepilotai.com\/#website"},"primaryImageOfPage":{"@id":"https:\/\/tonepilotai.com\/about-us\/#primaryimage"},"image":{"@id":"https:\/\/tonepilotai.com\/about-us\/#primaryimage"},"thumbnailUrl":"https:\/\/tonepilotai.com\/wp-content\/uploads\/2026\/04\/Turning-websites-feat2.jpg","datePublished":"2025-05-26T09:11:10+00:00","dateModified":"2026-04-04T11:11:37+00:00","description":"Erfahren Sie mehr \u00fcber TonePilot AI und wie wir Unternehmen helfen, Websites in KI-Assistenten zu verwandeln, die Fragen beantworten und Besucher ansprechen.","breadcrumb":{"@id":"https:\/\/tonepilotai.com\/about-us\/#breadcrumb"},"inLanguage":"de","potentialAction":[{"@type":"ReadAction","target":["https:\/\/tonepilotai.com\/about-us\/"]}]},{"@type":"ImageObject","inLanguage":"de","@id":"https:\/\/tonepilotai.com\/about-us\/#primaryimage","url":"https:\/\/tonepilotai.com\/wp-content\/uploads\/2026\/04\/Turning-websites-feat2.jpg","contentUrl":"https:\/\/tonepilotai.com\/wp-content\/uploads\/2026\/04\/Turning-websites-feat2.jpg"},{"@type":"BreadcrumbList","@id":"https:\/\/tonepilotai.com\/about-us\/#breadcrumb","itemListElement":[{"@type":"ListItem","position":1,"name":"Home","item":"https:\/\/tonepilotai.com\/"},{"@type":"ListItem","position":2,"name":"About Us"}]},{"@type":"WebSite","@id":"https:\/\/tonepilotai.com\/#website","url":"https:\/\/tonepilotai.com\/","name":"Ton-Pilot KI","description":"","potentialAction":[{"@type":"SearchAction","target":{"@type":"EntryPoint","urlTemplate":"https:\/\/tonepilotai.com\/?s={search_term_string}"},"query-input":{"@type":"PropertyValueSpecification","valueRequired":true,"valueName":"search_term_string"}}],"inLanguage":"de"}]}},"_links":{"self":[{"href":"https:\/\/tonepilotai.com\/de\/wp-json\/wp\/v2\/pages\/3849","targetHints":{"allow":["GET"]}}],"collection":[{"href":"https:\/\/tonepilotai.com\/de\/wp-json\/wp\/v2\/pages"}],"about":[{"href":"https:\/\/tonepilotai.com\/de\/wp-json\/wp\/v2\/types\/page"}],"author":[{"embeddable":true,"href":"https:\/\/tonepilotai.com\/de\/wp-json\/wp\/v2\/users\/1"}],"replies":[{"embeddable":true,"href":"https:\/\/tonepilotai.com\/de\/wp-json\/wp\/v2\/comments?post=3849"}],"version-history":[{"count":88,"href":"https:\/\/tonepilotai.com\/de\/wp-json\/wp\/v2\/pages\/3849\/revisions"}],"predecessor-version":[{"id":19143,"href":"https:\/\/tonepilotai.com\/de\/wp-json\/wp\/v2\/pages\/3849\/revisions\/19143"}],"wp:attachment":[{"href":"https:\/\/tonepilotai.com\/de\/wp-json\/wp\/v2\/media?parent=3849"}],"curies":[{"name":"wp","href":"https:\/\/api.w.org\/{rel}","templated":true}]}}