{"id":18523,"date":"2026-03-18T18:06:17","date_gmt":"2026-03-18T18:06:17","guid":{"rendered":"https:\/\/tonepilotai.com\/?page_id=18523"},"modified":"2026-03-19T07:06:45","modified_gmt":"2026-03-19T07:06:45","slug":"privacy-policy","status":"publish","type":"page","link":"https:\/\/tonepilotai.com\/lt\/privacy-policy\/","title":{"rendered":"Privatumo politika"},"content":{"rendered":"<div data-elementor-type=\"wp-page\" data-elementor-id=\"18523\" class=\"elementor elementor-18523\">\n\t\t\t\t<div class=\"elementor-element elementor-element-24364f2 e-flex e-con-boxed e-con e-parent\" data-id=\"24364f2\" data-element_type=\"container\" data-e-type=\"container\">\t\t\t<div class=\"e-con-inner\">\r\n\t\t\t\t<div class=\"elementor-element elementor-element-374b640 elementor-widget elementor-widget-pxl_text_editor\" data-id=\"374b640\" data-element_type=\"widget\" data-e-type=\"widget\" data-widget_type=\"pxl_text_editor.default\">\n\t\t\t\t<div class=\"elementor-widget-container\">\n\t\t\t\t\t<div class=\"pxl-text-editor\">\n\t<div class=\"pxl-text-editor__inner\" data-wow-delay=\"ms\" >\n\t\t<h1 style=\"font-size: 30px;letter-spacing: -2px\">Privatumo politika<\/h1><p><strong>Paskutin\u012f kart\u0105 atnaujinta:<\/strong> 2026-03-18<\/p><p>\u201cTonePilot AI\u201d (\u201cmes\u201d, \u201cm\u016bs\u0173\u201d arba \u201emus\u201c) gerbia j\u016bs\u0173 privatum\u0105 ir yra \u012fsipareigojusi apsaugoti j\u016bs\u0173 duomenis. \u0160ioje politikoje paai\u0161kinama, koki\u0105 informacij\u0105 renkame ir kaip j\u0105 naudojame.<\/p><h3 style=\"font-size: 25px;letter-spacing: -2px\">1. Informacija, kuri\u0105 renkame<\/h3><h4 style=\"font-size: 20px;letter-spacing: -2px\">Paskyros informacija<\/h4><p>Registruodamiesi arba susisiekdami su mumis, galime rinkti:<\/p><ul><li>Vardas<\/li><li>El. pa\u0161to adresas<\/li><li>\u012emon\u0117s ar svetain\u0117s informacija<\/li><\/ul><h4 style=\"font-size: 20px;letter-spacing: -2px\">Svetain\u0117s duomenys<\/h4><p>Nor\u0117dami teikti savo paslaugas, galime prieiti ir apdoroti:<\/p><ul><li>Turinys i\u0161 j\u016bs\u0173 svetain\u0117s<\/li><li>Vie\u0161i puslapiai ir svetain\u0117s strukt\u016bros duomenys<\/li><\/ul><p>Tai naudojama j\u016bs\u0173 pokalbi\u0173 robotui apmokyti.<\/p><h4 style=\"font-size: 20px;letter-spacing: -2px\">Pokalbio duomenys<\/h4><p>Mes renkame ir saugome pokalbius su pokalbi\u0173 robotu, \u012fskaitant:<\/p><ul><li>Klausimai, kuriuos u\u017eduoda j\u016bs\u0173 svetain\u0117s lankytojai<\/li><li>Dirbtinio intelekto generuojami atsakymai<\/li><\/ul><p>Tai padeda per\u017ei\u016br\u0117ti pokalbius ir patobulinti j\u016bs\u0173 pokalbi\u0173 robot\u0105.<\/p><h4 style=\"font-size: 20px;letter-spacing: -2px\">Naudojimo duomenys<\/h4><p>Mes galime rinkti pagrindinius naudojimo duomenis, tokius kaip:<\/p><ul><li>Prisijungimo veikla<\/li><li>Funkcijos naudojimas<\/li><li>Na\u0161umo rodikliai<\/li><\/ul><h3 style=\"font-size: 25px;letter-spacing: -2px\">2. Kaip naudojame j\u016bs\u0173 informacij\u0105<\/h3><p>Mes naudojame j\u016bs\u0173 duomenis, kad:<\/p><ul><li>Teikti ir valdyti \u201eTonePilot AI\u201c platform\u0105<\/li><li>Apra\u0161ymas ir tobulinimas j\u016bs\u0173 pokalbi\u0173 robotas<\/li><li>Rodyti pokalbi\u0173 istorij\u0105 ir analiz\u0119<\/li><li>Pagerinkite m\u016bs\u0173 paslaugas ir funkcijas<\/li><li>Bendrauti su jumis apie naujinius ar palaikym\u0105<\/li><\/ul><h3 style=\"font-size: 25px;letter-spacing: -2px\">3. Duomen\u0173 nuosavyb\u0117<\/h3><p>J\u016bs pasiliekate nuosavyb\u0119:<\/p><ul><li>J\u016bs\u0173 svetain\u0117s turinys<\/li><li>J\u016bs\u0173 pokalbi\u0173 robot\u0173 duomenys<\/li><li>Tavo pokalbiai<\/li><\/ul><p>Mes neperduodame j\u016bs\u0173 duomen\u0173.<\/p><h3 style=\"font-size: 25px;letter-spacing: -2px\">4. Duomen\u0173 dalijimasis<\/h3><p>Mes neparduodame ir nei\u0161nuomojame j\u016bs\u0173 asmenini\u0173 duomen\u0173.<\/p><p>Mes galime dalintis duomenimis tik tada, kai tai b\u016btina, su patikimais paslaug\u0173 teik\u0117jais (pvz., technin\u0117s prie\u017ei\u016bros, analitikos ar el. pa\u0161to paslaug\u0173), kad gal\u0117tume valdyti platform\u0105.<\/p><h3 style=\"font-size: 25px;letter-spacing: -2px\">5. Duomen\u0173 saugumas<\/h3><p>Mes imam\u0117s pagr\u012fst\u0173 priemoni\u0173 j\u016bs\u0173 duomenims apsaugoti, \u012fskaitant:<\/p><ul><li>Saugi autentifikacija<\/li><li>Ribojamas da\u017enumas ir prieigos kontrol\u0117<\/li><li>Infrastrukt\u016bros lygio saugumas<\/li><\/ul><p>Ta\u010diau jokia sistema n\u0117ra visi\u0161kai saugi.<\/p><h3 style=\"font-size: 25px;letter-spacing: -2px\">6. Duomen\u0173 saugojimas<\/h3><p>Mes saugome j\u016bs\u0173 duomenis tik tiek, kiek reikia paslaugoms teikti. Bet kuriuo metu galite papra\u0161yti i\u0161trinti savo duomenis.<\/p><h3 style=\"font-size: 25px;letter-spacing: -2px\">7. Slapukai<\/h3><p>Galime naudoti slapukus ar pana\u0161ias technologijas:<\/p><ul><li>Palaikyti seansus<\/li><li>Pagerinti vartotojo patirt\u012f<\/li><li>Analizuoti naudojim\u0105<\/li><\/ul><p>Galite valdyti slapukus per nar\u0161ykl\u0117s nustatymus.<\/p><h3 style=\"font-size: 25px;letter-spacing: -2px\">8. Tre\u010di\u0173j\u0173 \u0161ali\u0173 paslaugos<\/h3><p>\u201eTonePilot AI\u201c gali naudotis tre\u010di\u0173j\u0173 \u0161ali\u0173 paslaugomis (pvz., dirbtinio intelekto paslaug\u0173 teik\u0117jais, teikian\u010diais apgyvendinimo ar el. pa\u0161to pristatymo paslaugas). \u0160ios paslaugos tvarko duomenis, kad gal\u0117t\u0173 teikti funkcionalum\u0105.<\/p><h3 style=\"font-size: 25px;letter-spacing: -2px\">9. J\u016bs\u0173 teis\u0117s<\/h3><p>J\u016bs turite teis\u0119:<\/p><ul><li>Pasiekite savo duomenis<\/li><li>Pra\u0161yti pataisym\u0173<\/li><li>Pra\u0161yti i\u0161trynimo<\/li><\/ul><p>Nor\u0117dami pateikti u\u017eklaus\u0105, susisiekite su mumis \u017eemiau nurodytu el. pa\u0161to adresu.<\/p><h3 style=\"font-size: 25px;letter-spacing: -2px\">10. Pakeitimai \u0161ioje politikoje<\/h3><p>Mes galime laikas nuo laiko atnaujinti \u0161i\u0105 Privatumo politik\u0105. Toliau naudojantis paslauga, rei\u0161kia, kad j\u016bs sutinkate su atnaujinta versija.<\/p><h3 style=\"font-size: 25px;letter-spacing: -2px\">11. Kontaktai<\/h3><p>Jei turite klausim\u0173 apie \u0161i\u0105 privatumo politik\u0105, susisiekite su mumis: <strong>El. pa\u0161tas:<\/strong> hello@tonepilotai.com<\/p>\t\t\n\t<\/div>\n<\/div>\t\t\t\t<\/div>\n\t\t\t\t<\/div>\n\t\t\t\t\t<\/div>\r\n\t\t\t\t<\/div>\r\n\t\t\t\t<\/div>","protected":false},"excerpt":{"rendered":"<p>Privacy Policy Last updated: 2026-03-18 TonePilot AI (\u201cwe\u201d, \u201cour\u201d, or \u201cus\u201d) respects your privacy and is committed to protecting your data. This policy explains what information we collect and how we use it. 1. Information We Collect Account Information When you sign up or contact us, we may collect: Name Email address Company or website [&hellip;]<\/p>\n","protected":false},"author":1,"featured_media":0,"parent":0,"menu_order":0,"comment_status":"closed","ping_status":"closed","template":"","meta":{"footnotes":""},"class_list":["post-18523","page","type-page","status-publish","hentry"],"yoast_head":"<!-- This site is optimized with the Yoast SEO plugin v27.5 - https:\/\/yoast.com\/product\/yoast-seo-wordpress\/ -->\n<title>Privacy Policy | TonePilot AI<\/title>\n<meta name=\"robots\" content=\"index, follow, max-snippet:-1, max-image-preview:large, max-video-preview:-1\" \/>\n<link rel=\"canonical\" href=\"https:\/\/tonepilotai.com\/lt\/privacy-policy\/\" \/>\n<meta property=\"og:locale\" content=\"lt_LT\" \/>\n<meta property=\"og:type\" content=\"article\" \/>\n<meta property=\"og:title\" content=\"Privacy Policy | TonePilot AI\" \/>\n<meta property=\"og:description\" content=\"Privacy Policy Last updated: 2026-03-18 TonePilot AI (\u201cwe\u201d, \u201cour\u201d, or \u201cus\u201d) respects your privacy and is committed to protecting your data. This policy explains what information we collect and how we use it. 1. Information We Collect Account Information When you sign up or contact us, we may collect: Name Email address Company or website [&hellip;]\" \/>\n<meta property=\"og:url\" content=\"https:\/\/tonepilotai.com\/lt\/privacy-policy\/\" \/>\n<meta property=\"og:site_name\" content=\"Tone Pilot AI\" \/>\n<meta property=\"article:modified_time\" content=\"2026-03-19T07:06:45+00:00\" \/>\n<meta name=\"twitter:card\" content=\"summary_large_image\" \/>\n<meta name=\"twitter:label1\" content=\"Est. reading time\" \/>\n\t<meta name=\"twitter:data1\" content=\"2 minut\u0117s\" \/>\n<script type=\"application\/ld+json\" class=\"yoast-schema-graph\">{\"@context\":\"https:\\\/\\\/schema.org\",\"@graph\":[{\"@type\":\"WebPage\",\"@id\":\"https:\\\/\\\/tonepilotai.com\\\/privacy-policy\\\/\",\"url\":\"https:\\\/\\\/tonepilotai.com\\\/privacy-policy\\\/\",\"name\":\"Privacy Policy | TonePilot AI\",\"isPartOf\":{\"@id\":\"https:\\\/\\\/tonepilotai.com\\\/#website\"},\"datePublished\":\"2026-03-18T18:06:17+00:00\",\"dateModified\":\"2026-03-19T07:06:45+00:00\",\"breadcrumb\":{\"@id\":\"https:\\\/\\\/tonepilotai.com\\\/privacy-policy\\\/#breadcrumb\"},\"inLanguage\":\"lt-LT\",\"potentialAction\":[{\"@type\":\"ReadAction\",\"target\":[\"https:\\\/\\\/tonepilotai.com\\\/privacy-policy\\\/\"]}]},{\"@type\":\"BreadcrumbList\",\"@id\":\"https:\\\/\\\/tonepilotai.com\\\/privacy-policy\\\/#breadcrumb\",\"itemListElement\":[{\"@type\":\"ListItem\",\"position\":1,\"name\":\"Home\",\"item\":\"https:\\\/\\\/tonepilotai.com\\\/\"},{\"@type\":\"ListItem\",\"position\":2,\"name\":\"Privacy Policy\"}]},{\"@type\":\"WebSite\",\"@id\":\"https:\\\/\\\/tonepilotai.com\\\/#website\",\"url\":\"https:\\\/\\\/tonepilotai.com\\\/\",\"name\":\"Tone Pilot AI\",\"description\":\"\",\"potentialAction\":[{\"@type\":\"SearchAction\",\"target\":{\"@type\":\"EntryPoint\",\"urlTemplate\":\"https:\\\/\\\/tonepilotai.com\\\/?s={search_term_string}\"},\"query-input\":{\"@type\":\"PropertyValueSpecification\",\"valueRequired\":true,\"valueName\":\"search_term_string\"}}],\"inLanguage\":\"lt-LT\"}]}<\/script>\n<!-- \/ Yoast SEO plugin. -->","yoast_head_json":{"title":"Privatumo politika | TonePilot AI","robots":{"index":"index","follow":"follow","max-snippet":"max-snippet:-1","max-image-preview":"max-image-preview:large","max-video-preview":"max-video-preview:-1"},"canonical":"https:\/\/tonepilotai.com\/lt\/privacy-policy\/","og_locale":"lt_LT","og_type":"article","og_title":"Privacy Policy | TonePilot AI","og_description":"Privacy Policy Last updated: 2026-03-18 TonePilot AI (\u201cwe\u201d, \u201cour\u201d, or \u201cus\u201d) respects your privacy and is committed to protecting your data. This policy explains what information we collect and how we use it. 1. Information We Collect Account Information When you sign up or contact us, we may collect: Name Email address Company or website [&hellip;]","og_url":"https:\/\/tonepilotai.com\/lt\/privacy-policy\/","og_site_name":"Tone Pilot AI","article_modified_time":"2026-03-19T07:06:45+00:00","twitter_card":"summary_large_image","twitter_misc":{"Est. reading time":"2 minut\u0117s"},"schema":{"@context":"https:\/\/schema.org","@graph":[{"@type":"WebPage","@id":"https:\/\/tonepilotai.com\/privacy-policy\/","url":"https:\/\/tonepilotai.com\/privacy-policy\/","name":"Privatumo politika | TonePilot AI","isPartOf":{"@id":"https:\/\/tonepilotai.com\/#website"},"datePublished":"2026-03-18T18:06:17+00:00","dateModified":"2026-03-19T07:06:45+00:00","breadcrumb":{"@id":"https:\/\/tonepilotai.com\/privacy-policy\/#breadcrumb"},"inLanguage":"lt-LT","potentialAction":[{"@type":"ReadAction","target":["https:\/\/tonepilotai.com\/privacy-policy\/"]}]},{"@type":"BreadcrumbList","@id":"https:\/\/tonepilotai.com\/privacy-policy\/#breadcrumb","itemListElement":[{"@type":"ListItem","position":1,"name":"Home","item":"https:\/\/tonepilotai.com\/"},{"@type":"ListItem","position":2,"name":"Privacy Policy"}]},{"@type":"WebSite","@id":"https:\/\/tonepilotai.com\/#website","url":"https:\/\/tonepilotai.com\/","name":"\"Tone Pilot AI\"","description":"","potentialAction":[{"@type":"SearchAction","target":{"@type":"EntryPoint","urlTemplate":"https:\/\/tonepilotai.com\/?s={search_term_string}"},"query-input":{"@type":"PropertyValueSpecification","valueRequired":true,"valueName":"search_term_string"}}],"inLanguage":"lt-LT"}]}},"_links":{"self":[{"href":"https:\/\/tonepilotai.com\/lt\/wp-json\/wp\/v2\/pages\/18523","targetHints":{"allow":["GET"]}}],"collection":[{"href":"https:\/\/tonepilotai.com\/lt\/wp-json\/wp\/v2\/pages"}],"about":[{"href":"https:\/\/tonepilotai.com\/lt\/wp-json\/wp\/v2\/types\/page"}],"author":[{"embeddable":true,"href":"https:\/\/tonepilotai.com\/lt\/wp-json\/wp\/v2\/users\/1"}],"replies":[{"embeddable":true,"href":"https:\/\/tonepilotai.com\/lt\/wp-json\/wp\/v2\/comments?post=18523"}],"version-history":[{"count":5,"href":"https:\/\/tonepilotai.com\/lt\/wp-json\/wp\/v2\/pages\/18523\/revisions"}],"predecessor-version":[{"id":18715,"href":"https:\/\/tonepilotai.com\/lt\/wp-json\/wp\/v2\/pages\/18523\/revisions\/18715"}],"wp:attachment":[{"href":"https:\/\/tonepilotai.com\/lt\/wp-json\/wp\/v2\/media?parent=18523"}],"curies":[{"name":"WP","href":"https:\/\/api.w.org\/{rel}","templated":true}]}}