{"id":2383,"date":"2025-05-05T02:15:26","date_gmt":"2025-05-05T02:15:26","guid":{"rendered":"http:\/\/brighthub.casethemes.net\/?page_id=2383"},"modified":"2026-03-29T07:32:30","modified_gmt":"2026-03-29T07:32:30","slug":"contact","status":"publish","type":"page","link":"https:\/\/tonepilotai.com\/lt\/contact\/","title":{"rendered":"Kontaktai"},"content":{"rendered":"<div data-elementor-type=\"wp-page\" data-elementor-id=\"2383\" class=\"elementor elementor-2383\">\n\t\t\t\t<div class=\"elementor-element elementor-element-24364f2 e-flex e-con-boxed e-con e-parent\" data-id=\"24364f2\" data-element_type=\"container\" data-e-type=\"container\">\t\t\t<div class=\"e-con-inner\">\r\n\t\t<div class=\"elementor-element elementor-element-5eae6b1 e-con-full e-flex e-con e-child\" data-id=\"5eae6b1\" data-element_type=\"container\" data-e-type=\"container\"><div class=\"elementor-element elementor-element-8d09d3a e-con-full e-flex e-con e-child\" data-id=\"8d09d3a\" data-element_type=\"container\" data-e-type=\"container\">\t\t<div class=\"elementor-element elementor-element-07683dc elementor-widget elementor-widget-pxl_heading\" data-id=\"07683dc\" data-element_type=\"widget\" data-e-type=\"widget\" data-widget_type=\"pxl_heading.default\">\n\t\t\t\t<div class=\"elementor-widget-container\">\n\t\t\t\t\t\r\n<div id=\"pxl-pxl_heading-07683dc-5701\" class=\"pxl-heading\" data-animation-type=\"df\">\r\n\t<div class=\"pxl-heading__inner\">\r\n\t\t\t\t\t<div class=\"pxl-heading__sub pxl-heading__sub-slogan  pxl-heading__sub-left\" data-wow-delay=\"ms\">\r\n\t\t\t\t\r\n\t\t\t\t\t\t\t\t\t<span class=\"pxl-heading__sub-slogan--bef\">\r\n\t\t\t\t\t\tPrad\u0117kite\t\t\t\t\t<\/span>\r\n\t\t\t\t\r\n\t\t\t\t\t\t\t\t\t<span class=\"pxl-heading__sub-slogan--aft\">\r\n\t\t\t\t\t\tAtsi\u0173skite mums \u017einut\u0119\t\t\t\t\t<\/span>\r\n\t\t\t\t\t<svg xmlns=\"http:\/\/www.w3.org\/2000\/svg\" width=\"16\" height=\"16\" viewbox=\"0 0 16 16\" fill=\"none\">\r\n\t\t\t\t\t\t<path d=\"M9.62012 3.95312L13.6668 7.99979L9.62012 12.0465\" stroke=\"#181D27\" stroke-width=\"1.33333\" stroke-miterlimit=\"10\" stroke-linecap=\"round\" stroke-linejoin=\"round\"\/>\r\n\t\t\t\t\t\t<path d=\"M2.33398 8H13.554\" stroke=\"#181D27\" stroke-width=\"1.33333\" stroke-miterlimit=\"10\" stroke-linecap=\"round\" stroke-linejoin=\"round\"\/>\r\n\t\t\t\t\t<\/svg>\r\n\t\t\t\t\t\t\t<\/div>\r\n\t\t\t\r\n\t\t<h3 class=\"pxl-heading__title pxl-heading__style-default pxl-heading__highlight-default  df\" data-wow-delay=\"ms\" >\r\n\t\t<span class=\"pxl-heading__text\">\r\n\t\t\t\r\n\t\t\t\t\t\t\tParuo\u0161kime j\u016bs\u0173<br>pokalbi\u0173 robot\u0105 darbui\t\r\n\t\t\t\t\r\n\t\t\t\r\n\t\t<\/span>\r\n\t\t<\/h3>\r\n\t<\/div>\r\n\t\r\n<\/div>\t\t\t\t<\/div>\n\t\t\t\t<\/div>\n\t\t\t\t<div class=\"elementor-element elementor-element-324f699 elementor-widget elementor-widget-pxl_text_editor\" data-id=\"324f699\" data-element_type=\"widget\" data-e-type=\"widget\" data-widget_type=\"pxl_text_editor.default\">\n\t\t\t\t<div class=\"elementor-widget-container\">\n\t\t\t\t\t<div class=\"pxl-text-editor\">\n\t<div class=\"pxl-text-editor__inner\" data-wow-delay=\"ms\" >\n\t\t<p>Papasakokite mums apie savo svetain\u0119, o mes paruo\u0161ime AI chatbot\u0105, kuris atsakys \u012f lankytoj\u0173 klausimus, \u012ftrauks juos \u012f pokalb\u012f ir pad\u0117s generuoti daugiau u\u017eklaus\u0173.<\/p>\t\t\n\t<\/div>\n<\/div>\t\t\t\t<\/div>\n\t\t\t\t<\/div>\n\t\t\t\t<\/div>\r\n\t\t<div class=\"elementor-element elementor-element-b032869 e-con-full e-flex e-con e-child\" data-id=\"b032869\" data-element_type=\"container\" data-e-type=\"container\"><div class=\"elementor-element elementor-element-de435cf e-con-full e-flex e-con e-child\" data-id=\"de435cf\" data-element_type=\"container\" data-e-type=\"container\">\t\t<div class=\"elementor-element elementor-element-c4e18bc elementor-widget elementor-widget-pxl_heading\" data-id=\"c4e18bc\" data-element_type=\"widget\" data-e-type=\"widget\" data-widget_type=\"pxl_heading.default\">\n\t\t\t\t<div class=\"elementor-widget-container\">\n\t\t\t\t\t\r\n<div id=\"pxl-pxl_heading-c4e18bc-2630\" class=\"pxl-heading\" data-animation-type=\"df\">\r\n\t<div class=\"pxl-heading__inner\">\r\n\t\t\t\r\n\t\t<div class=\"pxl-heading__title pxl-heading__style-default pxl-heading__highlight-default  df\" data-wow-delay=\"ms\" >\r\n\t\t<span class=\"pxl-heading__text\">\r\n\t\t\t\r\n\t\t\t\t\t\t\t<svg width=\"20\" height=\"20\" viewbox=\"0 0 72 72\" fill=\"none\" xmlns=\"http:\/\/www.w3.org\/2000\/svg\" xmlns:xlink=\"http:\/\/www.w3.org\/1999\/xlink\">\n<rect width=\"72\" height=\"72\" fill=\"url(#pattern0_2317_5475)\"\/>\n<defs>\n<pattern id=\"pattern0_2317_5475\" patterncontentunits=\"objectBoundingBox\" width=\"1\" height=\"1\">\n<use xlink:href=\"#image0_2317_5475\" transform=\"scale(0.0138889)\"\/>\n<\/pattern>\n<image id=\"image0_2317_5475\" width=\"72\" height=\"72\" preserveaspectratio=\"none\" xlink:href=\"data:image\/png;base64,iVBORw0KGgoAAAANSUhEUgAAAEgAAABICAMAAABiM0N1AAACl1BMVEUAAADQ0NDR0dH29vbi4uLx8fHu7u7u7u7\/n5bn5+fl5eXn5+fs7Ozh4eHW1tbDTU7FNDHc3NzU1NTj4+Pd3d3\/g4no0dS\/IiPreHvz9vbx6uvg4OD\/g4rgPDTvVk\/zY17Y2NjZ2dnMaWniQDfW1tbBKyvOz8\/gZmfPZmb6jJL+parXhofEHx3R0dH+joXPz8\/\/l43n6OvQ0NDHNjLCKyvf4ubKNDLFWln2iorUSUfjaGjOZ2b8pKPera3MzMz9r67JaGj\/AAD3bGb+ioD+k4j7gXnwWFH\/lY7zYV30ZmD5d3P+lYv+hn77cm\/+i4XkTkv5cnTDODboV1f+k4++LS7b29zyYmf5f4HOzs7\/iY7\/lJbOZ2ff4OL1io7NZ2jg4uTFY2P+pKX\/o6TX19fV1dXY2NjT09Pa2trp6enb29vf39\/d3d3s7Ozj4+PS0tLl5eXu7u7i4uLr6+ve3t7n5+fh4eHt7e3o6On9cWT9cmb9cmf8cGPNzc3Pz8\/8bmL+dWnR0dG8vLzX2uDW2d7CwsL8bGDw8PDIzNHKysrAwMD6aFz5ZlrHy9D+c2f0W0\/U19zU1dfMzMzFxcW5vL+pq637al74ZFfHx8fExMS\/v7\/\/iX3Y29\/Q1NnJzdPDx828vsK+vr6jpKXxV0vb3uLa3eHY3ODV19rM0NXCxcq+wcW0tbWusLSvr6+bm5yPj5D3YVX1X1LW2NzLztO3uby3uLisrbCgoKH\/d2vvU0jRLynd4OTN0dbJycmxsbGnqKqmpqednqCXmJmVlZaQkZL\/in3sT0TqS0HoRz3WMyzUKSTg4+ihoaPlQzrbNi\/QIh\/P0tjKysnFx8jBw8jAwsa5ubn\/gXXZMSvLHhzFyM6JioyDg4P\/jH\/\/in4ohxAxAAAAY3RSTlMAUPIYFM8Qz\/MPwrzOwrwsyMLCvLtSA8E9Fgi8Uv7078K8Jf7CvqZHMRoREP3x5NvYy769tKelkoVvRzUyMC0lHgb7+fj49PDw7+rp0sPBubKxsKmpkm9oWkpINjU0NC8qGhljyDDVAAAGA0lEQVRYw6XYhXfaQBzAcebu7u7u7u7uPpLQJCOMAlPSYR1SSgdtKd3WbnTrpF1l7u7uvj9mv7s0kAzGBnyhwEvuPr13Sfteq4jV9vUdO3ZsBU\/cun4xhk6L5fRfUVfanKUgJdSm+T9\/PYIOC32e2zZBqO28qwck7Zk9PlGoy4HMfZmZmfuE0jonAcF8Edqb1rlPwhAYAgIlC2Ejcah1\/21TJo6ddTWk7IGmj504pV\/\/1nE5axYPHbpg5mGAsIHb93nG4MELF62OR2q\/POMqXPpMUCTt3Ze5N92zZIAijsZ18qft3x8i4ON+KC3d5ekxThFPA0a\/9rjSwRLDTK6\/qNNoWFA8TR355ZofqLS0KgWYjMprr0d0V8RZ917PH1dk5KYjC5T0XJff8\/hZ0yaKuGvS5vnjygxXbm46KLmujArPk2dN+8bvYOmJx5\/hcuW6XC5\/RdHTZ00nJOJg6amnIgPlr0TOhoQYLL15WlRZ4fdXeK69uo7Wk4T0qshTWYmdzYk7WOpxrajocY\/rsM9JtbXX105PnnS63guc5Oo+8uuX19dHNFEk3dSVAwcu6\/5fP+rt2tWIUbtJY8ZMij2iXXvkbBk1rE6tiOqINRQLHYkcO2zURvgdturkix0Hw+3cCU+xXTug1NQduF27du2MWuoLa+\/2inot+eIXqVEH7MLtEBkIjkVxbljfN6upqN2AfG+5kSKfLAqR7UIPWSknLMe4+ghS82dBgolRp6bidvy13Scs2XlqATI4jhXf2B2FiN6fzsV8RoA0aiZwrPgESKny6SkpKfAiLzVFhupPWi5eYtVVK1Jr2fzs4hN6PEg+6x8h55xKqxZXpDbQn7ItJ\/Qp8YWdHKVBq9aIkJYhS7ItJzVRBu+uekRJU2y5GKQYgzq8Iq1BR9xG0u6I9PDEoc966WHNEWv2FaOO0YqQGtIyLJWTbSnW6P875JTdYhmDHDIwLH8n23JEo9Ho0Zce3mKmPmI9dj9Aw4JEqEUVpKONwWPWI2rNf6TGzoN8cGBBMkjLMKzq3UuQ4MS\/01qzzj78RLIMQKhGCMKfDAzD0KTv3tksq+FfCoy2Zn18WKKkddEhHa20lSFJGzODAZwP5ecImgUIJBHCpzDEqoj8so9Z5xnIIA1G4Bih81lnynMoFa0LDcSQOAIgmiTM9z9kndcxMdKdP3qmPMiTaEFiGAqPYEGiLt0\/k3We1eFk83Esy546Wlh+xahUAaSTQh3CIwFSEaaS+2eOnmJDCfND0eA8LHMQJE2zrBySOrSKJPhzDwqPnqKrCgFC4Hx7+MBHkCoMoUJQaM0CpKS8d8thTSqIDqcSOvS28Hu5kwMISxCejCE2FB4PSzI\/CLrfHlLJIlGqQzfd937cNlIA4dWKNcOQ3FFSeZeMthz3zUNkROAES7yX8gACCReGWgKAwww4DrOJJp1IUv7RodP24G2C5swOSgkSUGIYkjuE12zS0Srl8cv202GJQIFz9xwB9yFIBJIgKSTZBuzwwm1gBokiJFGnC+5cptBl15nMXkKJKDEMSR3KaDaCAxBJXEKSpAsFOXc42Bp0pXizl0KLIqUQiRW8HMp4HBwEwRGqpLTgAicyHDh3eRIgLME3BAkooa4YgjCDHAeLEm4D0+1Se4GJw5kKCi6\/NCoxBBTNYolQSqBuWFEKzi3JxivhHi912y+YoAt2e+kVByG9VA4kAYUDqF438bKAkycgOBJLOWfcbrvd7S68c+WdeKWqsFvHjRRQMojATr5PditjqeRl6dnCwrOlZXcd0s3F5QkSsnoiCCsUxUsccdtg+305V+7dKwuaOcnWhqR8IydQCGqMHY53BkgA5Ak757M5OAJtbEQ+LIkQBYFjizJQvKcRA0WeDzhBgpojCDs2G4HPREbgR\/RIwubkORFCTsBGKBOKsNl4jhMgjuN9ToKMOTz6QUEKgCRApjwnBXsBz0SinD5egEy3nByRRJwzz4Qhr40HVwiOh9\/gJbLIo4TJ5kDQ8ICRSjI+MLymon1vL8UlGeWFPyEU1YYMqp5kg4ashf\/7tZ5cLekmt1b8BtmwCFK1dUaXAAAAAElFTkSuQmCC\"\/>\n<\/defs>\n<\/svg>\n Para\u0161ykite mums el. pa\u0161tu\t\r\n\t\t\t\t\r\n\t\t\t\r\n\t\t<\/span>\r\n\t\t<\/div>\r\n\t<\/div>\r\n\t\r\n<\/div>\t\t\t\t<\/div>\n\t\t\t\t<\/div>\n\t\t\t\t<div class=\"elementor-element elementor-element-86b1c27 elementor-widget elementor-widget-pxl_text_editor\" data-id=\"86b1c27\" data-element_type=\"widget\" data-e-type=\"widget\" data-widget_type=\"pxl_text_editor.default\">\n\t\t\t\t<div class=\"elementor-widget-container\">\n\t\t\t\t\t<div class=\"pxl-text-editor\">\n\t<div class=\"pxl-text-editor__inner\" data-wow-delay=\"ms\" >\n\t\t<p>hello@tonepilotai.com<br \/>Atsakome per 24 val.<\/p>\t\t\n\t<\/div>\n<\/div>\t\t\t\t<\/div>\n\t\t\t\t<\/div>\n\t\t\t\t<\/div>\r\n\t\t<div class=\"elementor-element elementor-element-4063bad e-con-full e-flex e-con e-child\" data-id=\"4063bad\" data-element_type=\"container\" data-e-type=\"container\">\t\t<div class=\"elementor-element elementor-element-d2586de elementor-widget elementor-widget-pxl_heading\" data-id=\"d2586de\" data-element_type=\"widget\" data-e-type=\"widget\" data-widget_type=\"pxl_heading.default\">\n\t\t\t\t<div class=\"elementor-widget-container\">\n\t\t\t\t\t\r\n<div id=\"pxl-pxl_heading-d2586de-6139\" class=\"pxl-heading\" data-animation-type=\"df\">\r\n\t<div class=\"pxl-heading__inner\">\r\n\t\t\t\r\n\t\t<div class=\"pxl-heading__title pxl-heading__style-default pxl-heading__highlight-default  df\" data-wow-delay=\"ms\" >\r\n\t\t<span class=\"pxl-heading__text\">\r\n\t\t\t\r\n\t\t\t\t\t\t\t<svg width=\"20\" height=\"20\" viewbox=\"0 0 72 72\" fill=\"none\" xmlns=\"http:\/\/www.w3.org\/2000\/svg\" xmlns:xlink=\"http:\/\/www.w3.org\/1999\/xlink\">\n<rect width=\"72\" height=\"72\" fill=\"url(#pattern0_2317_7128)\"\/>\n<defs>\n<pattern id=\"pattern0_2317_7128\" patterncontentunits=\"objectBoundingBox\" width=\"1\" height=\"1\">\n<use xlink:href=\"#image0_2317_7128\" transform=\"scale(0.0138889)\"\/>\n<\/pattern>\n<image id=\"image0_2317_7128\" width=\"72\" height=\"72\" preserveaspectratio=\"none\" xlink:href=\"data:image\/png;base64,iVBORw0KGgoAAAANSUhEUgAAAEgAAABICAMAAABiM0N1AAAC91BMVEUAAACYpLeHlKlidalgZW1CZrorOHQ8R3xXW15YZ6SuvT8uNkEyYcdFU4jIzWRim8olJxAnLEM7Ox03TJk3PU5NTztDRDZKcMSOpsQpXMcoNXYwUrQzOlMxQYU3X8NMWI\/MuSt+mb8qRJ8uO3Z5jZ8nTLQ\/PxTEvTCZq8W+xU1dgLGKob\/BwEMwYMKYrMRCYrBxkHixwzx4k782W6k7b7fDzTjLwzqztjq1wz+9yTslMWwlL2cqXcwqWMQwZs0zcNA5e9MvYskmRq4mRKgpVMEtYs03c9Awa88mP54+hdQ7gdQkMXE0bM0nTbomSbJAitU2d9IrXMgmQqMlOpIkM3gnUb1Dj9UmS7YtXsb9\/88lPJj+\/9r4\/8slLmH\/\/9QlN4Y7OQ0lNYCtnzQ1c8u\/\/r8lOYxCQQjn84X0\/8PGxFNGlNUqTrEmLlnPwlP+\/sfp+pG3p0OMgyu7t0nt\/7w8arab0ImWxHHOylolLE+k3pqXynzW0l2xrUYzZsLC33LU323Avk91bRpnYhY+fc32\/rukzGWyx0+8rEmelTWZjCeBdyDr\/rGu3oqn13rf53mx02eZw1+zoD2trTZQnNNxsszp\/qbs\/p1Sb5Rmd3iUtVDGukmknz639rdIdbP1\/qef1pOBnny133rA2Gbe2mV5i2Jug0ZnfitUUhRNSREuKwSHvcc2WamRt2Vfa1Kju0YnVslkn7av7KouTaes5KG86Ytkh3ywumamq2KNlGG60VipplCYmkqerje2uzZGjc9ZlLt4srgxWrhYg7HV9q1afp5ijZjQz2fGu1K8sDm+yji2qDjawzGMliZ2gRxgVxLf7cXL\/8JOg8J3qJ9DY5+Gu5dCXZA8U4jP5nuarXe3tVOFnULg00CmlyaAjCGOfx1Vlsjp\/8clUsc\/c8ObyaNTboJ6joCuvX7BzFuWnymL0se+276\/66fW9ZsvSZlsmZeXs41IWGllfmPWxUJbXDOmzMWm57+LwrTX84ZTZWRlbynd\/8PCzHt6lZ1k\/9QJAAAAOnRSTlMAChQkL3\/ihE87\/fvNbif+7t7KpaGDZl0v8O7VxcCpTf7w5dFO9OLXhWDYtn7j4d3SyXDqzrSqpp2aYZunfQAACrNJREFUWMOd2HdU01cUB3CDLKUWV2vrrNbuvdsQRuIEQiJFILVqMQgyRAPECREUAyhQFFCWKAg4WCKyBGXJxlH2UKEiw8XQuvWP3vveL4ml7i8cEjiHz7n3vvd7+SXDXhCW2nASNdaw1w7rnZnfakx9Y9Kkr76aNGnS1HEa04a\/hqb2zseffSotnm0JKS42s7YWCHgZM8ZpjFB7pVpAmV4SIxPp6+vPhliaOTubmVkLeI19M6aMUn8F5svpJVKZTCYSESq5K\/VB6mBjY4Ygo6\/PYnDyWy9HIVPbiQ5XBDHXD09IPABJTb3fNJj6D2bsS1Bq307X7eTGdMeW8vlciEia1daW2HUzMfHA\/a7EA2cOHHjw4MHBQ2PfZr2gnM+md4q4BtLSTltbWz7fQNqfkhaZAFjiTbAuXjxzAKwHW7YctBn\/vKJYEz6tFZkbGBjMm8e3xcwrk6ekRMZKpVlZWQltbW2nT59G7MxmkMZqP9vReFdmzgWHKGXpUFNMf0lsSplMWhYZeQLSduUKWmeINBrae5ZjzpkD5YBjaFu7sQEe5vX395fFyPp90yBIXQEKqnqOhA5nzhzoytDQdm5tQ11dUKGhT2HDxoG6tWvlx31903xHjjx5MiTkxOkr2y6e2Q7S4dFvPw2aoHQMFxilN6SvaW4obIjb5LVpv5fX\/v0g+VZVVaF05cKFbe3t2zefPfRUaeYXCmfuAiMTY5OO9KJ9zXFxcZsg+4ODjx8n1EmQxABta8eS7A+P1v7fun+P4yHMAiMjExPj9MuZ9+5lBsbFBcU1gyQnFHQHEJFoSYfHqg8dkIyWAww4kILL9zIzA+F7TRBUFRwcvL+lrCW21PNkZXX0zQj\/C66u27ectTl8eDxryICgL3RoOcKCAqu7NzKPZV6+HFhYFxgUFARFxXBiYqTdaScrc527xBcSE9s3bzlkM2RMw9\/gYEEKx+ru9evXb9y429FR0HF5XzrMHOY0wOdKY2T69W0hIeHJCf7+rq7QnD00N\/wJSAMGTRxkjIWh13fv3XuqKFQoLOqAYRUVBsbV1Q3UtWT35sR251WGRIdngLTNlZR0+K2hBeGyG6EjTNoLSbJyshLqFhR0pBf6pK8p7OyJh3jcuhUlkVRHWEeIAdoOC2dj86G6qiBzAjHzsbIKu3bqWpJuWBIkrKBI18TEp67WtqSnp+dRtouLS5RndW5jo\/82gGDhQFKWpPYGhzOHFkQcK6ew20m3z23F3BYKhcYmRgt8am07O2NKStd5rFsXVVkp9sfWYC+dPfRESROYgnBEQmBCk85tXYVZvNjhWpiu0Ni4oMMHrjsDLrfMw8Oj1zuqslosVkE2zMKxph7h0FGTgpyckpD57bffFkMc3M\/d1i24fOPY3fTakpKYHg+oyNHbrZJAit7GqtFRf3EEK6KXBjih15BZupRQDlu3BgRcO7Vr9+rV95o3PfKKJ1JrQjQD0XFr086OHJnDQMZCJ6ewa4tBAYdCDlvd9wYEILRiRfOjgXKAHB29w7uixSqIGffUSxwlBCt2bhU6v\/++FJxVDhAV9GdzSTfUA1BOeGPETVeQALK3txnLImt2hENbw1GHngMGnd9pawi5B+xioD97pC0uCLnl1DdGNA0ODv4DQ7Kn6zbiXQYind1exUBI4bihNfe9u3ZTyMvrsTTHBaftlhftn9o334J98JA9RBtHdAkhZkS62BgySglb26usKL48pptU5OYZHZ3ftMjiDx2ERuOQNC5xEGI6AwgdGnAQCgBoNYW84h\/rd0d5UyjiV4AW6kBr6\/EwmcpAC0yMKaRojIHcYUYBu5VQeWlxbpS3m6dn\/s2++QitBEhvshpsR0VFAAnDtuJmBIBsAIT+xmHjjFYAhNuopTjcDQrKbZz1K4H0bOx12O8Pp4tGW8Pr\/tRfDx86rHLATURnjU4AOqQgj15fx5zSvLzc8AweQnbLTNk69itNNdWHDaeQAfYGFe1Zvnz5Xw\/\/hsAPd3fY16d27bpx4x44uGjBOyK9o3LCk50zMjIAskBoPUIjAEIHIezNikqY5fjkFOT69WMbAjObm73i5PIdkZFpbm7dEbn5XTwKsdlLbFaaTpw57M1PSUFkQ+IZcnW5KnsgR48ePbZhw741a4KC5Gt3IDSyUrKzOq8eIRgRm62ns55AX4tAMpiHEFm3q3socufOf5yNG9fKdyAUGSLZ6S+O4M2aRWbNRglbU\/smi0CGCMGU4FS7cxUSFhoaducOdRho7Q65b2urp0QiEecmQ0EUwuCwWT9EiqA3hBQnZKgTk9DQIursIw4U5JjdKtm5U5xfLwBokYWdAoLlH\/ZLmpTDnEeKw98KA5CVsOjYMWCYglJSdvh6+\/lJTiQkC5jOYNEINAWOts9HxsoYCWoCiKEIdxcHpHLKYkd6+nlmOVsL6JpRSI9tOg4ukU\/SqlJKubgBcEwgYeCc9gFPWLRhQ2YgcQDKzi7NcZMoHehs2UIKLdSCi\/bNkVXnz8fKUOLjwIkEr0A+PvisaENgYKACcqyo8JPkFpuBA9B8CmFBC6fhwfZN1XmQlKekCcYHA+UZ+TQE4kv\/RjlsxljvCj8\/z3AzWhBZMwbSJC\/bP1edv3U+G5sz4KNEssB2Ln2El2uA5PJgubwlp9XPEyBwnoD0AJrCQuiTqppb51s4HC5IANHMVaR2DdzUQI73Zme3euaFhESQgpgRLQSHjgiH9FFNza0ygEDi85UChg\/3pQNw8we3fr2Ojq1uebnV4gRnhMgmghEhZDpxBIFYPwJUygGJjAmChCIlj+AWsnddL56vfnm5YoB4vKb72Bjj0F1EenuvpiYWL11ak6Eh35CvzEB8eXk5vAZVwKmY5xktFkcIMpoSU+fTgvRIZ6MAob29V5MjMjfH7mDgJAZ8uHHH33riwUGoNc9PsjMkPyLZObV9e9MipjEIrhmTz9+r8Zaag2RObvyRwC+Sxx7xHutcXCqi4NqQhCQkWwsyEttTsTHY1cpRq0pykx4xJ+EOiazFwwVTAU51PjiCJldXWhCbQHiEYJiSsvT1kaGUCL8gXPwZU06gKLzqo+vhHWlq+31yxoJCNhEWpCop65JS4orIg4iJLNulAhw\/PD0icOnvp\/ZBY3TOevQEUeWT\/OLZ+hjkANIX4VN4JwpPYl2iKqJg0GJxl5kzj+whO+iLQGy6ZKqwfgq\/BNLQzMa\/SXOQqd4pTkh2diabGguiW4gcIE8Gjm5LeDs9BJlNEy6phL5UziLlyg9tDDPzO0ukMCjQWJK\/FedXR0fjfBiHXGNLlqCjOe3\/b9dGfWDJUCrFjHx+YFkfXl8PC88jpwesPOxo6kwc9dQ3fh+Y4T+qYsbEGr6tnXmqw4ONDkATR8GAnirBvygwBULijNMhbWFfwAAEjhY4z5AEQGFUigDDU5SDG1HhaGI9z5AmTOIJrJ8IRVChRxmsu9J5H+b87IwYN4snUIVHFaYrC9oWgdjwAcJzo6YxY9YsHokKwaboy+qSlRBwNEfRs+z5Rc2Y\/ysCFEEFm8JFRwYdTS0o58VhAbVoPg2WQpRlWM369QhpjlfHKb8cpTXFzs6CxM7uD3KmgoJZOVkLmFeI2jStKZoLIaamWArNmMla05jZvJKlrq01fvKYMWN0dODH5PFvaau\/hqL69FBdG6L+ws8P\/wUicZgZFQlj1AAAAABJRU5ErkJggg==\"\/>\n<\/defs>\n<\/svg>\n Adresas\t\r\n\t\t\t\t\r\n\t\t\t\r\n\t\t<\/span>\r\n\t\t<\/div>\r\n\t<\/div>\r\n\t\r\n<\/div>\t\t\t\t<\/div>\n\t\t\t\t<\/div>\n\t\t\t\t<div class=\"elementor-element elementor-element-097029f elementor-widget elementor-widget-pxl_text_editor\" data-id=\"097029f\" data-element_type=\"widget\" data-e-type=\"widget\" data-widget_type=\"pxl_text_editor.default\">\n\t\t\t\t<div class=\"elementor-widget-container\">\n\t\t\t\t\t<div class=\"pxl-text-editor\">\n\t<div class=\"pxl-text-editor__inner\" data-wow-delay=\"ms\" >\n\t\t\u017daliasis Holas 2: Up\u0117s g. 21,\nLT-08128 Vilnius, Lietuva\t\t\n\t<\/div>\n<\/div>\t\t\t\t<\/div>\n\t\t\t\t<\/div>\n\t\t\t\t<\/div>\r\n\t\t\t\t<\/div>\r\n\t\t\t\t<\/div>\r\n\t\t<div class=\"elementor-element elementor-element-0180271 e-con-full e-flex e-con e-child\" data-id=\"0180271\" data-element_type=\"container\" data-e-type=\"container\">\t\t<div class=\"elementor-element elementor-element-b3ea6a3 elementor-widget elementor-widget-pxl_contact_form\" data-id=\"b3ea6a3\" data-element_type=\"widget\" data-e-type=\"widget\" data-widget_type=\"pxl_contact_form.default\">\n\t\t\t\t<div class=\"elementor-widget-container\">\n\t\t\t\t\t    <div class=\"pxl-cf7 pxl-cf7__style-1 pxl-cf7__default pxl-cf7__btn-auto\" data-wow-delay=\"ms\" >\r\n        \n<div class=\"wpcf7 no-js\" id=\"wpcf7-f2419-o1\" lang=\"en-US\" dir=\"ltr\" data-wpcf7-id=\"2419\">\n<div class=\"screen-reader-response\"><p role=\"status\" aria-live=\"polite\" aria-atomic=\"true\"><\/p> <ul><\/ul><\/div>\n<form action=\"\/lt\/wp-json\/wp\/v2\/pages\/2383#wpcf7-f2419-o1\" method=\"post\" class=\"wpcf7-form init\" aria-label=\"Contact form\" novalidate=\"novalidate\" data-status=\"init\" data-trp-original-action=\"\/lt\/wp-json\/wp\/v2\/pages\/2383#wpcf7-f2419-o1\">\n<fieldset class=\"hidden-fields-container\"><input type=\"hidden\" name=\"_wpcf7\" value=\"2419\" \/><input type=\"hidden\" name=\"_wpcf7_version\" value=\"6.1.5\" \/><input type=\"hidden\" name=\"_wpcf7_locale\" value=\"en_US\" \/><input type=\"hidden\" name=\"_wpcf7_unit_tag\" value=\"wpcf7-f2419-o1\" \/><input type=\"hidden\" name=\"_wpcf7_container_post\" value=\"0\" \/><input type=\"hidden\" name=\"_wpcf7_posted_data_hash\" value=\"\" \/>\n<\/fieldset>\n<div class=\"pxl-cf7__wrap container\">\n  <div class=\"input-filled row\">\n\n    <div class=\"input-filled col-xl-6 col-lg-6 col-md-6 col-sm-6 col-xs-12\">\n      <label>Vardas ir pavard\u0117<\/label>\n      <span class=\"wpcf7-form-control-wrap\" data-name=\"your-name\"><input size=\"40\" maxlength=\"400\" class=\"wpcf7-form-control wpcf7-text wpcf7-validates-as-required\" aria-required=\"true\" aria-invalid=\"false\" placeholder=\"Vardas ir pavard\u0117\" value=\"\" type=\"text\" name=\"your-name\" \/><\/span>\n    <\/div>\n\n    <div class=\"input-filled col-xl-6 col-lg-6 col-md-6 col-sm-6 col-xs-12\">\n      <label>Telefono numeris<\/label>\n      <span class=\"wpcf7-form-control-wrap\" data-name=\"your-phone\"><input size=\"40\" maxlength=\"400\" class=\"wpcf7-form-control wpcf7-text\" id=\"your-phone\" aria-invalid=\"false\" placeholder=\"(201) 000-0000\" value=\"\" type=\"text\" name=\"your-phone\" \/><\/span>\n    <\/div>\n\n    <div class=\"input-filled col-xl-12 col-lg-12 col-md-12 col-sm-12 col-xs-12\">\n      <label>El. pa\u0161tas<\/label>\n      <span class=\"wpcf7-form-control-wrap\" data-name=\"your-mail\"><input size=\"40\" maxlength=\"400\" class=\"wpcf7-form-control wpcf7-email wpcf7-validates-as-required wpcf7-text wpcf7-validates-as-email\" aria-required=\"true\" aria-invalid=\"false\" placeholder=\"\u012eveskite savo el. pa\u0161t\u0105\" value=\"\" type=\"email\" name=\"your-mail\" \/><\/span>\n    <\/div>\n\n    <div class=\"input-filled col-xl-12 col-lg-12 col-md-12 col-sm-12 col-xs-12\">\n      <label>Tema<\/label>\n      <span class=\"wpcf7-form-control-wrap\" data-name=\"text-955\"><input size=\"40\" maxlength=\"400\" class=\"wpcf7-form-control wpcf7-text wpcf7-validates-as-required\" aria-required=\"true\" aria-invalid=\"false\" placeholder=\"\u012eveskite savo tem\u0105\" value=\"\" type=\"text\" name=\"text-955\" \/><\/span>\n    <\/div>\n\n    <div class=\"input-filled col-xl-12 col-lg-12 col-md-12 col-sm-12 col-xs-12\">\n      <label>Prane\u0161imas<\/label>\n      <span class=\"wpcf7-form-control-wrap\" data-name=\"your-mess\"><textarea cols=\"40\" rows=\"10\" maxlength=\"2000\" class=\"wpcf7-form-control wpcf7-textarea wpcf7-validates-as-required\" aria-required=\"true\" aria-invalid=\"false\" placeholder=\"Palikite mums \u017einut\u0119...\" name=\"your-mess\"><\/textarea><\/span>\n    <\/div>\n\n    <div class=\"input-filled col-xl-12 col-lg-12 col-md-12 col-sm-12 col-xs-12\">\n      <button type=\"submit\" class=\"wpcf7-submit btn btn-primary btn-block btn-glossy\">\n        Si\u0173sti \u017einut\u0119\n      <\/button>\n    <\/div>\n\n  <\/div>\n<\/div><div class=\"wpcf7-response-output\" aria-hidden=\"true\"><\/div>\n<input type=\"hidden\" name=\"trp-form-language\" value=\"lt\"\/><\/form>\n<\/div>\n    <\/div>\r\n\t\t\t\t<\/div>\n\t\t\t\t<\/div>\n\t\t\t\t<\/div>\r\n\t\t\t\t\t<\/div>\r\n\t\t\t\t<\/div>\r\n\t\t\t\t<\/div>","protected":false},"excerpt":{"rendered":"<p>Get Started Send us a message Let\u2019s get yourChatbot live Tell us about your website and we\u2019ll set up an AI chatbot that answers questions, engages visitors, and helps you capture more leads. Email us hello@tonepilotai.comWe reply within 24 hours. Address Green Hall 2: Up\u0117s g. 21, LT-08128 Vilnius, Lithuania Full name Phone number Email [&hellip;]<\/p>\n","protected":false},"author":1,"featured_media":0,"parent":0,"menu_order":0,"comment_status":"closed","ping_status":"closed","template":"","meta":{"footnotes":""},"class_list":["post-2383","page","type-page","status-publish","hentry"],"yoast_head":"<!-- This site is optimized with the Yoast SEO plugin v27.5 - https:\/\/yoast.com\/product\/yoast-seo-wordpress\/ -->\n<title>Contact TonePilot AI | Start Your Chatbot<\/title>\n<meta name=\"description\" content=\"Get in touch to set up your AI chatbot and turn your website into a smart assistant that answers questions and captures leads.\" \/>\n<meta name=\"robots\" content=\"index, follow, max-snippet:-1, max-image-preview:large, max-video-preview:-1\" \/>\n<link rel=\"canonical\" href=\"https:\/\/tonepilotai.com\/lt\/contact\/\" \/>\n<meta property=\"og:locale\" content=\"lt_LT\" \/>\n<meta property=\"og:type\" content=\"article\" \/>\n<meta property=\"og:title\" content=\"Contact TonePilot AI | Start Your Chatbot\" \/>\n<meta property=\"og:description\" content=\"Get in touch to set up your AI chatbot and turn your website into a smart assistant that answers questions and captures leads.\" \/>\n<meta property=\"og:url\" content=\"https:\/\/tonepilotai.com\/lt\/contact\/\" \/>\n<meta property=\"og:site_name\" content=\"Tone Pilot AI\" \/>\n<meta property=\"article:modified_time\" content=\"2026-03-29T07:32:30+00:00\" \/>\n<meta name=\"twitter:card\" content=\"summary_large_image\" \/>\n<meta name=\"twitter:label1\" content=\"Est. reading time\" \/>\n\t<meta name=\"twitter:data1\" content=\"1 minut\u0117\" \/>\n<script type=\"application\/ld+json\" class=\"yoast-schema-graph\">{\"@context\":\"https:\\\/\\\/schema.org\",\"@graph\":[{\"@type\":\"WebPage\",\"@id\":\"https:\\\/\\\/tonepilotai.com\\\/contact\\\/\",\"url\":\"https:\\\/\\\/tonepilotai.com\\\/contact\\\/\",\"name\":\"Contact TonePilot AI | Start Your Chatbot\",\"isPartOf\":{\"@id\":\"https:\\\/\\\/tonepilotai.com\\\/#website\"},\"datePublished\":\"2025-05-05T02:15:26+00:00\",\"dateModified\":\"2026-03-29T07:32:30+00:00\",\"description\":\"Get in touch to set up your AI chatbot and turn your website into a smart assistant that answers questions and captures leads.\",\"breadcrumb\":{\"@id\":\"https:\\\/\\\/tonepilotai.com\\\/contact\\\/#breadcrumb\"},\"inLanguage\":\"lt-LT\",\"potentialAction\":[{\"@type\":\"ReadAction\",\"target\":[\"https:\\\/\\\/tonepilotai.com\\\/contact\\\/\"]}]},{\"@type\":\"BreadcrumbList\",\"@id\":\"https:\\\/\\\/tonepilotai.com\\\/contact\\\/#breadcrumb\",\"itemListElement\":[{\"@type\":\"ListItem\",\"position\":1,\"name\":\"Home\",\"item\":\"https:\\\/\\\/tonepilotai.com\\\/\"},{\"@type\":\"ListItem\",\"position\":2,\"name\":\"Contact\"}]},{\"@type\":\"WebSite\",\"@id\":\"https:\\\/\\\/tonepilotai.com\\\/#website\",\"url\":\"https:\\\/\\\/tonepilotai.com\\\/\",\"name\":\"Tone Pilot AI\",\"description\":\"\",\"potentialAction\":[{\"@type\":\"SearchAction\",\"target\":{\"@type\":\"EntryPoint\",\"urlTemplate\":\"https:\\\/\\\/tonepilotai.com\\\/?s={search_term_string}\"},\"query-input\":{\"@type\":\"PropertyValueSpecification\",\"valueRequired\":true,\"valueName\":\"search_term_string\"}}],\"inLanguage\":\"lt-LT\"}]}<\/script>\n<!-- \/ Yoast SEO plugin. -->","yoast_head_json":{"title":"Susisiekite su \u201eTonePilot AI\u201c | Prad\u0117kite savo pokalbi\u0173 robot\u0105","description":"Susisiekite, kad nustatytum\u0117te savo dirbtinio intelekto pokalbi\u0173 robot\u0105 ir paverstum\u0117te savo svetain\u0119 intelektualiu asistentu, kuris atsako \u012f klausimus ir renka potencialius klientus.","robots":{"index":"index","follow":"follow","max-snippet":"max-snippet:-1","max-image-preview":"max-image-preview:large","max-video-preview":"max-video-preview:-1"},"canonical":"https:\/\/tonepilotai.com\/lt\/contact\/","og_locale":"lt_LT","og_type":"article","og_title":"Contact TonePilot AI | Start Your Chatbot","og_description":"Get in touch to set up your AI chatbot and turn your website into a smart assistant that answers questions and captures leads.","og_url":"https:\/\/tonepilotai.com\/lt\/contact\/","og_site_name":"Tone Pilot AI","article_modified_time":"2026-03-29T07:32:30+00:00","twitter_card":"summary_large_image","twitter_misc":{"Est. reading time":"1 minut\u0117"},"schema":{"@context":"https:\/\/schema.org","@graph":[{"@type":"WebPage","@id":"https:\/\/tonepilotai.com\/contact\/","url":"https:\/\/tonepilotai.com\/contact\/","name":"Susisiekite su \u201eTonePilot AI\u201c | Prad\u0117kite savo pokalbi\u0173 robot\u0105","isPartOf":{"@id":"https:\/\/tonepilotai.com\/#website"},"datePublished":"2025-05-05T02:15:26+00:00","dateModified":"2026-03-29T07:32:30+00:00","description":"Susisiekite, kad nustatytum\u0117te savo dirbtinio intelekto pokalbi\u0173 robot\u0105 ir paverstum\u0117te savo svetain\u0119 intelektualiu asistentu, kuris atsako \u012f klausimus ir renka potencialius klientus.","breadcrumb":{"@id":"https:\/\/tonepilotai.com\/contact\/#breadcrumb"},"inLanguage":"lt-LT","potentialAction":[{"@type":"ReadAction","target":["https:\/\/tonepilotai.com\/contact\/"]}]},{"@type":"BreadcrumbList","@id":"https:\/\/tonepilotai.com\/contact\/#breadcrumb","itemListElement":[{"@type":"ListItem","position":1,"name":"Home","item":"https:\/\/tonepilotai.com\/"},{"@type":"ListItem","position":2,"name":"Contact"}]},{"@type":"WebSite","@id":"https:\/\/tonepilotai.com\/#website","url":"https:\/\/tonepilotai.com\/","name":"\"Tone Pilot AI\"","description":"","potentialAction":[{"@type":"SearchAction","target":{"@type":"EntryPoint","urlTemplate":"https:\/\/tonepilotai.com\/?s={search_term_string}"},"query-input":{"@type":"PropertyValueSpecification","valueRequired":true,"valueName":"search_term_string"}}],"inLanguage":"lt-LT"}]}},"_links":{"self":[{"href":"https:\/\/tonepilotai.com\/lt\/wp-json\/wp\/v2\/pages\/2383","targetHints":{"allow":["GET"]}}],"collection":[{"href":"https:\/\/tonepilotai.com\/lt\/wp-json\/wp\/v2\/pages"}],"about":[{"href":"https:\/\/tonepilotai.com\/lt\/wp-json\/wp\/v2\/types\/page"}],"author":[{"embeddable":true,"href":"https:\/\/tonepilotai.com\/lt\/wp-json\/wp\/v2\/users\/1"}],"replies":[{"embeddable":true,"href":"https:\/\/tonepilotai.com\/lt\/wp-json\/wp\/v2\/comments?post=2383"}],"version-history":[{"count":55,"href":"https:\/\/tonepilotai.com\/lt\/wp-json\/wp\/v2\/pages\/2383\/revisions"}],"predecessor-version":[{"id":19004,"href":"https:\/\/tonepilotai.com\/lt\/wp-json\/wp\/v2\/pages\/2383\/revisions\/19004"}],"wp:attachment":[{"href":"https:\/\/tonepilotai.com\/lt\/wp-json\/wp\/v2\/media?parent=2383"}],"curies":[{"name":"WP","href":"https:\/\/api.w.org\/{rel}","templated":true}]}}