{"id":6127,"date":"2025-06-12T17:02:03","date_gmt":"2025-06-12T17:02:03","guid":{"rendered":"http:\/\/brighthub.casethemes.net\/?page_id=6127"},"modified":"2026-03-28T17:51:18","modified_gmt":"2026-03-28T17:51:18","slug":"resources","status":"publish","type":"page","link":"https:\/\/tonepilotai.com\/lt\/resources\/","title":{"rendered":"Tinklara\u0161\u010dio tinklelis"},"content":{"rendered":"\t\t<div data-elementor-type=\"wp-page\" data-elementor-id=\"6127\" class=\"elementor elementor-6127\">\n\t\t\t\t<div class=\"elementor-element elementor-element-5d377bd e-flex e-con-boxed e-con e-parent \" data-id=\"5d377bd\" data-element_type=\"container\" data-e-type=\"container\">\t\t\t<div class=\"e-con-inner\">\r\n\t\t\t\t<div class=\"elementor-element elementor-element-950dd50 pxl-post-layout-post-3 elementor-widget elementor-widget-pxl_post_grid\" data-id=\"950dd50\" data-element_type=\"widget\" data-e-type=\"widget\" data-widget_type=\"pxl_post_grid.default\">\n\t\t\t\t<div class=\"elementor-widget-container\">\n\t\t\t\t\t\r\n<div id=\"pxl_post_grid-950dd50-5713\" class=\"pxl-grid pxl-blog-grid pxl-blog-grid--layout-3\" data-start-page=\"1\" data-max-pages=\"1\" data-total=\"3\" data-perpage=\"9\" data-next-link=\"\" data-loadmore=\"{&quot;tax&quot;:[&quot;category&quot;],&quot;post_type&quot;:&quot;post&quot;,&quot;layout&quot;:&quot;post-3&quot;,&quot;startPage&quot;:1,&quot;maxPages&quot;:1,&quot;total&quot;:3,&quot;filter&quot;:&quot;true&quot;,&quot;perpage&quot;:9,&quot;nextLink&quot;:&quot;&quot;,&quot;source&quot;:&quot;&quot;,&quot;orderby&quot;:&quot;date&quot;,&quot;order&quot;:&quot;desc&quot;,&quot;limit&quot;:9,&quot;post_ids&quot;:[],&quot;col_xl&quot;:4,&quot;col_lg&quot;:4,&quot;col_md&quot;:6,&quot;col_sm&quot;:6,&quot;col_xs&quot;:12,&quot;pagination_type&quot;:&quot;loadmore&quot;,&quot;show_date&quot;:&quot;true&quot;,&quot;show_comment&quot;:&quot;&quot;,&quot;show_author&quot;:&quot;true&quot;,&quot;show_button&quot;:&quot;true&quot;,&quot;button_text&quot;:&quot;&quot;,&quot;show_excerpt&quot;:&quot;true&quot;,&quot;num_words&quot;:25,&quot;img_size&quot;:&quot;&quot;,&quot;grid_masonry&quot;:&quot;&quot;,&quot;pxl_animate&quot;:&quot;&quot;}\">\r\n            <div class=\"pxl-grid__filter ajax style-2\">\r\n            <div class=\"pxl-grid__filter-inner\">\r\n                <span class=\"filter-item active\" data-filter=\"*\">View All<\/span>\r\n                                                                            <span class=\"filter-item\" data-filter=\".ai-chatbot-guides\">\r\n                                                AI Chatbot Guides                        <span class=\"pxl-category__item-count\">(1)<\/span>\r\n                    <\/span>\r\n                                                                            <span class=\"filter-item\" data-filter=\".ai-insights\">\r\n                                                AI Insights                        <span class=\"pxl-category__item-count\">(1)<\/span>\r\n                    <\/span>\r\n                                                                            <span class=\"filter-item\" data-filter=\".conversion-growth\">\r\n                                                Conversion &amp; Growth                        <span class=\"pxl-category__item-count\">(1)<\/span>\r\n                    <\/span>\r\n                            <\/div>\r\n        <\/div>\r\n    \r\n    <div class=\"pxl-grid__inner pxl-grid__masonry row\" data-gutter=\"15\">\r\n                    <div class=\"pxl-grid__item col-xl-4 col-lg-4 col-md-6 col-sm-6 col-12 conversion-growth\">\n                <div class=\"pxl-grid__item-inner  pxl-posts__item pxl-posts__style-1\" data-wow-duration=\"1.2s\">\n                                            <div class=\"pxl-posts__item-img\">\n                            <a href=\"https:\/\/tonepilotai.com\/lt\/from-visitors-to-conversations-a-more-effective-way-to-capture-leads\/\"><img fetchpriority=\"high\" decoding=\"async\" class=\"\" src=\"https:\/\/tonepilotai.com\/wp-content\/uploads\/2026\/03\/From-Visitors-to-Conversations-A-More-Effective-Way-to-Capture-Leads-scaled-500x327.jpg\" width=\"500\" height=\"327\" alt=\"From Visitors to Conversations A More Effective Way to Capture Leads\" title=\"From Visitors to Conversations A More Effective Way to Capture Leads\" \/ loading=\"eager\"><\/a>\n                        <\/div>\n                                        <div class=\"pxl-posts__item-cnt\">\n                                                                    <div class=\"pxl-pmeta\">\n                            \n                                            <div class=\"pxl-pmeta__item pxl-pmeta__date\">\n                            <img decoding=\"async\" src=\"https:\/\/tonepilotai.com\/wp-content\/themes\/brighthub\/assets\/img\/clock.png \" alt=\"clock\" loading=\"eager\"> Kov 19,2026                        <\/div>\n                            \n                                    <\/div>\n                                                            <h3 class=\"pxl-posts__item-tit\"><a href=\"https:\/\/tonepilotai.com\/lt\/from-visitors-to-conversations-a-more-effective-way-to-capture-leads\/\">From Visitors to Conversations: A More Effective Way to Capture Leads<\/a><\/h3>\n                                                    <div class=\"pxl-posts__item-exc\">\n                                Learn the pitfalls that slow down your support team's efficiency and practical steps to fix them \u2014 starting today.                            <\/div>\n                                                                            <a class=\"pxl-post__item-gts\" href=\"https:\/\/tonepilotai.com\/lt\/from-visitors-to-conversations-a-more-effective-way-to-capture-leads\/\">\n                                Read the Article                                <svg xmlns=\"http:\/\/www.w3.org\/2000\/svg\" width=\"16\" height=\"16\" viewBox=\"0 0 16 16\" fill=\"none\">\n                                    <path d=\"M9.62012 3.95312L13.6668 7.99979L9.62012 12.0465\" stroke=\"#181D27\" stroke-width=\"1.33333\" stroke-miterlimit=\"10\" stroke-linecap=\"round\" stroke-linejoin=\"round\"><\/path>\n                                    <path d=\"M2.33398 8H13.554\" stroke=\"#181D27\" stroke-width=\"1.33333\" stroke-miterlimit=\"10\" stroke-linecap=\"round\" stroke-linejoin=\"round\"><\/path>\n                                <\/svg>\n                            <\/a>\n                                            <\/div>\n                <\/div>\n            <\/div>\n                    <div class=\"pxl-grid__item col-xl-4 col-lg-4 col-md-6 col-sm-6 col-12 ai-insights\">\n                <div class=\"pxl-grid__item-inner  pxl-posts__item pxl-posts__style-1\" data-wow-duration=\"1.2s\">\n                                            <div class=\"pxl-posts__item-img\">\n                            <a href=\"https:\/\/tonepilotai.com\/lt\/why-ai-chatbots-are-changing-how-websites-communicate\/\"><img decoding=\"async\" class=\"\" src=\"https:\/\/tonepilotai.com\/wp-content\/uploads\/2026\/03\/Why-AI-Chatbots-Are-Changing-How-Websites-Communicate-scaled-500x327.jpg\" width=\"500\" height=\"327\" alt=\"Why AI Chatbots Are Changing How Websites Communicate\" title=\"Why AI Chatbots Are Changing How Websites Communicate\" \/ loading=\"eager\"><\/a>\n                        <\/div>\n                                        <div class=\"pxl-posts__item-cnt\">\n                                                                    <div class=\"pxl-pmeta\">\n                            \n                                            <div class=\"pxl-pmeta__item pxl-pmeta__date\">\n                            <img decoding=\"async\" src=\"https:\/\/tonepilotai.com\/wp-content\/themes\/brighthub\/assets\/img\/clock.png \" alt=\"clock\" loading=\"eager\"> Kov 19,2026                        <\/div>\n                            \n                                    <\/div>\n                                                            <h3 class=\"pxl-posts__item-tit\"><a href=\"https:\/\/tonepilotai.com\/lt\/why-ai-chatbots-are-changing-how-websites-communicate\/\">Why AI Chatbots Are Changing How Websites Communicate<\/a><\/h3>\n                                                    <div class=\"pxl-posts__item-exc\">\n                                Learn the pitfalls that slow down your support team's efficiency and practical steps to fix them \u2014 starting today.                            <\/div>\n                                                                            <a class=\"pxl-post__item-gts\" href=\"https:\/\/tonepilotai.com\/lt\/why-ai-chatbots-are-changing-how-websites-communicate\/\">\n                                Read the Article                                <svg xmlns=\"http:\/\/www.w3.org\/2000\/svg\" width=\"16\" height=\"16\" viewBox=\"0 0 16 16\" fill=\"none\">\n                                    <path d=\"M9.62012 3.95312L13.6668 7.99979L9.62012 12.0465\" stroke=\"#181D27\" stroke-width=\"1.33333\" stroke-miterlimit=\"10\" stroke-linecap=\"round\" stroke-linejoin=\"round\"><\/path>\n                                    <path d=\"M2.33398 8H13.554\" stroke=\"#181D27\" stroke-width=\"1.33333\" stroke-miterlimit=\"10\" stroke-linecap=\"round\" stroke-linejoin=\"round\"><\/path>\n                                <\/svg>\n                            <\/a>\n                                            <\/div>\n                <\/div>\n            <\/div>\n                    <div class=\"pxl-grid__item col-xl-4 col-lg-4 col-md-6 col-sm-6 col-12 ai-chatbot-guides\">\n                <div class=\"pxl-grid__item-inner  pxl-posts__item pxl-posts__style-1\" data-wow-duration=\"1.2s\">\n                                            <div class=\"pxl-posts__item-img\">\n                            <a href=\"https:\/\/tonepilotai.com\/lt\/how-to-add-an-ai-chatbot-to-your-website-without-the-usual-complexity\/\"><img decoding=\"async\" class=\"\" src=\"https:\/\/tonepilotai.com\/wp-content\/uploads\/2026\/03\/How-to-Add-an-AI-Chatbot-to-Your-Website-Without-the-Usual-Complexity-scaled-500x327.jpg\" width=\"500\" height=\"327\" alt=\"How to Add an AI Chatbot to Your Website Without the Usual Complexity\" title=\"How to Add an AI Chatbot to Your Website Without the Usual Complexity\" \/ loading=\"eager\"><\/a>\n                        <\/div>\n                                        <div class=\"pxl-posts__item-cnt\">\n                                                                    <div class=\"pxl-pmeta\">\n                            \n                                            <div class=\"pxl-pmeta__item pxl-pmeta__date\">\n                            <img decoding=\"async\" src=\"https:\/\/tonepilotai.com\/wp-content\/themes\/brighthub\/assets\/img\/clock.png \" alt=\"clock\" loading=\"eager\"> Kov 19,2026                        <\/div>\n                            \n                                    <\/div>\n                                                            <h3 class=\"pxl-posts__item-tit\"><a href=\"https:\/\/tonepilotai.com\/lt\/how-to-add-an-ai-chatbot-to-your-website-without-the-usual-complexity\/\">How to Add an AI Chatbot to Your Website Without the Usual Complexity<\/a><\/h3>\n                                                    <div class=\"pxl-posts__item-exc\">\n                                Learn the pitfalls that slow down your support team's efficiency and practical steps to fix them \u2014 starting today.                            <\/div>\n                                                                            <a class=\"pxl-post__item-gts\" href=\"https:\/\/tonepilotai.com\/lt\/how-to-add-an-ai-chatbot-to-your-website-without-the-usual-complexity\/\">\n                                Read the Article                                <svg xmlns=\"http:\/\/www.w3.org\/2000\/svg\" width=\"16\" height=\"16\" viewBox=\"0 0 16 16\" fill=\"none\">\n                                    <path d=\"M9.62012 3.95312L13.6668 7.99979L9.62012 12.0465\" stroke=\"#181D27\" stroke-width=\"1.33333\" stroke-miterlimit=\"10\" stroke-linecap=\"round\" stroke-linejoin=\"round\"><\/path>\n                                    <path d=\"M2.33398 8H13.554\" stroke=\"#181D27\" stroke-width=\"1.33333\" stroke-miterlimit=\"10\" stroke-linecap=\"round\" stroke-linejoin=\"round\"><\/path>\n                                <\/svg>\n                            <\/a>\n                                            <\/div>\n                <\/div>\n            <\/div>\n                <div class=\"pxl-grid__sizer col-xl-4 col-lg-4 col-md-6 col-sm-6 col-12\"><\/div>\r\n        \r\n    <\/div>\r\n        <\/div>\t\t\t\t<\/div>\n\t\t\t\t<\/div>\n\t\t\t\t\t<\/div>\r\n\t\t\t\t<\/div>\r\n\t\t\t\t<\/div>\n\t\t","protected":false},"excerpt":{"rendered":"<p>View All AI Chatbot Guides (1) AI Insights (1) Conversion &amp; Growth (1) Mar 19,2026 From Visitors to Conversations: A More Effective Way to Capture Leads Learn the pitfalls that slow down your support team&#8217;s efficiency and practical steps to fix them \u2014 starting today. Read the Article Mar 19,2026 Why AI Chatbots Are Changing [&hellip;]<\/p>\n","protected":false},"author":1,"featured_media":0,"parent":0,"menu_order":0,"comment_status":"closed","ping_status":"closed","template":"","meta":{"footnotes":""},"class_list":["post-6127","page","type-page","status-publish","hentry"],"yoast_head":"<!-- This site is optimized with the Yoast SEO plugin v27.5 - https:\/\/yoast.com\/product\/yoast-seo-wordpress\/ -->\n<title>AI Chatbot Insights &amp; Guides | TonePilot AI<\/title>\n<meta name=\"description\" content=\"Explore AI chatbot guides, insights, and tips to turn website visitors into conversations and capture more leads.\" \/>\n<meta name=\"robots\" content=\"index, follow, max-snippet:-1, max-image-preview:large, max-video-preview:-1\" \/>\n<link rel=\"canonical\" href=\"https:\/\/tonepilotai.com\/lt\/resources\/\" \/>\n<meta property=\"og:locale\" content=\"lt_LT\" \/>\n<meta property=\"og:type\" content=\"article\" \/>\n<meta property=\"og:title\" content=\"AI Chatbot Insights &amp; Guides | TonePilot AI\" \/>\n<meta property=\"og:description\" content=\"Explore AI chatbot guides, insights, and tips to turn website visitors into conversations and capture more leads.\" \/>\n<meta property=\"og:url\" content=\"https:\/\/tonepilotai.com\/lt\/resources\/\" \/>\n<meta property=\"og:site_name\" content=\"Tone Pilot AI\" \/>\n<meta property=\"article:modified_time\" content=\"2026-03-28T17:51:18+00:00\" \/>\n<meta property=\"og:image\" content=\"https:\/\/tonepilotai.com\/wp-content\/uploads\/2026\/03\/From-Visitors-to-Conversations-A-More-Effective-Way-to-Capture-Leads-scaled-500x327.jpg\" \/>\n<meta name=\"twitter:card\" content=\"summary_large_image\" \/>\n<meta name=\"twitter:label1\" content=\"Est. reading time\" \/>\n\t<meta name=\"twitter:data1\" content=\"2 minut\u0117s\" \/>\n<script type=\"application\/ld+json\" class=\"yoast-schema-graph\">{\"@context\":\"https:\\\/\\\/schema.org\",\"@graph\":[{\"@type\":\"WebPage\",\"@id\":\"https:\\\/\\\/tonepilotai.com\\\/resources\\\/\",\"url\":\"https:\\\/\\\/tonepilotai.com\\\/resources\\\/\",\"name\":\"AI Chatbot Insights & Guides | TonePilot AI\",\"isPartOf\":{\"@id\":\"https:\\\/\\\/tonepilotai.com\\\/#website\"},\"primaryImageOfPage\":{\"@id\":\"https:\\\/\\\/tonepilotai.com\\\/resources\\\/#primaryimage\"},\"image\":{\"@id\":\"https:\\\/\\\/tonepilotai.com\\\/resources\\\/#primaryimage\"},\"thumbnailUrl\":\"https:\\\/\\\/tonepilotai.com\\\/wp-content\\\/uploads\\\/2026\\\/03\\\/From-Visitors-to-Conversations-A-More-Effective-Way-to-Capture-Leads-scaled-500x327.jpg\",\"datePublished\":\"2025-06-12T17:02:03+00:00\",\"dateModified\":\"2026-03-28T17:51:18+00:00\",\"description\":\"Explore AI chatbot guides, insights, and tips to turn website visitors into conversations and capture more leads.\",\"breadcrumb\":{\"@id\":\"https:\\\/\\\/tonepilotai.com\\\/resources\\\/#breadcrumb\"},\"inLanguage\":\"lt-LT\",\"potentialAction\":[{\"@type\":\"ReadAction\",\"target\":[\"https:\\\/\\\/tonepilotai.com\\\/resources\\\/\"]}]},{\"@type\":\"ImageObject\",\"inLanguage\":\"lt-LT\",\"@id\":\"https:\\\/\\\/tonepilotai.com\\\/resources\\\/#primaryimage\",\"url\":\"https:\\\/\\\/tonepilotai.com\\\/wp-content\\\/uploads\\\/2026\\\/03\\\/From-Visitors-to-Conversations-A-More-Effective-Way-to-Capture-Leads-scaled-500x327.jpg\",\"contentUrl\":\"https:\\\/\\\/tonepilotai.com\\\/wp-content\\\/uploads\\\/2026\\\/03\\\/From-Visitors-to-Conversations-A-More-Effective-Way-to-Capture-Leads-scaled-500x327.jpg\"},{\"@type\":\"BreadcrumbList\",\"@id\":\"https:\\\/\\\/tonepilotai.com\\\/resources\\\/#breadcrumb\",\"itemListElement\":[{\"@type\":\"ListItem\",\"position\":1,\"name\":\"Home\",\"item\":\"https:\\\/\\\/tonepilotai.com\\\/\"},{\"@type\":\"ListItem\",\"position\":2,\"name\":\"Blog Grid\"}]},{\"@type\":\"WebSite\",\"@id\":\"https:\\\/\\\/tonepilotai.com\\\/#website\",\"url\":\"https:\\\/\\\/tonepilotai.com\\\/\",\"name\":\"Tone Pilot AI\",\"description\":\"\",\"potentialAction\":[{\"@type\":\"SearchAction\",\"target\":{\"@type\":\"EntryPoint\",\"urlTemplate\":\"https:\\\/\\\/tonepilotai.com\\\/?s={search_term_string}\"},\"query-input\":{\"@type\":\"PropertyValueSpecification\",\"valueRequired\":true,\"valueName\":\"search_term_string\"}}],\"inLanguage\":\"lt-LT\"}]}<\/script>\n<!-- \/ Yoast SEO plugin. -->","yoast_head_json":{"title":"Dirbtinio intelekto pokalbi\u0173 robot\u0173 \u012f\u017evalgos ir vadovai | TonePilot AI","description":"Tyrin\u0117kite AI pokalbi\u0173 robot\u0173 vadovus, \u012f\u017evalgas ir patarimus, kaip paversti svetain\u0117s lankytojus pokalbiais ir pritraukti daugiau potenciali\u0173 klient\u0173.","robots":{"index":"index","follow":"follow","max-snippet":"max-snippet:-1","max-image-preview":"max-image-preview:large","max-video-preview":"max-video-preview:-1"},"canonical":"https:\/\/tonepilotai.com\/lt\/resources\/","og_locale":"lt_LT","og_type":"article","og_title":"AI Chatbot Insights & Guides | TonePilot AI","og_description":"Explore AI chatbot guides, insights, and tips to turn website visitors into conversations and capture more leads.","og_url":"https:\/\/tonepilotai.com\/lt\/resources\/","og_site_name":"Tone Pilot AI","article_modified_time":"2026-03-28T17:51:18+00:00","og_image":[{"url":"https:\/\/tonepilotai.com\/wp-content\/uploads\/2026\/03\/From-Visitors-to-Conversations-A-More-Effective-Way-to-Capture-Leads-scaled-500x327.jpg","type":"","width":"","height":""}],"twitter_card":"summary_large_image","twitter_misc":{"Est. reading time":"2 minut\u0117s"},"schema":{"@context":"https:\/\/schema.org","@graph":[{"@type":"WebPage","@id":"https:\/\/tonepilotai.com\/resources\/","url":"https:\/\/tonepilotai.com\/resources\/","name":"Dirbtinio intelekto pokalbi\u0173 robot\u0173 \u012f\u017evalgos ir vadovai | TonePilot AI","isPartOf":{"@id":"https:\/\/tonepilotai.com\/#website"},"primaryImageOfPage":{"@id":"https:\/\/tonepilotai.com\/resources\/#primaryimage"},"image":{"@id":"https:\/\/tonepilotai.com\/resources\/#primaryimage"},"thumbnailUrl":"https:\/\/tonepilotai.com\/wp-content\/uploads\/2026\/03\/From-Visitors-to-Conversations-A-More-Effective-Way-to-Capture-Leads-scaled-500x327.jpg","datePublished":"2025-06-12T17:02:03+00:00","dateModified":"2026-03-28T17:51:18+00:00","description":"Tyrin\u0117kite AI pokalbi\u0173 robot\u0173 vadovus, \u012f\u017evalgas ir patarimus, kaip paversti svetain\u0117s lankytojus pokalbiais ir pritraukti daugiau potenciali\u0173 klient\u0173.","breadcrumb":{"@id":"https:\/\/tonepilotai.com\/resources\/#breadcrumb"},"inLanguage":"lt-LT","potentialAction":[{"@type":"ReadAction","target":["https:\/\/tonepilotai.com\/resources\/"]}]},{"@type":"ImageObject","inLanguage":"lt-LT","@id":"https:\/\/tonepilotai.com\/resources\/#primaryimage","url":"https:\/\/tonepilotai.com\/wp-content\/uploads\/2026\/03\/From-Visitors-to-Conversations-A-More-Effective-Way-to-Capture-Leads-scaled-500x327.jpg","contentUrl":"https:\/\/tonepilotai.com\/wp-content\/uploads\/2026\/03\/From-Visitors-to-Conversations-A-More-Effective-Way-to-Capture-Leads-scaled-500x327.jpg"},{"@type":"BreadcrumbList","@id":"https:\/\/tonepilotai.com\/resources\/#breadcrumb","itemListElement":[{"@type":"ListItem","position":1,"name":"Home","item":"https:\/\/tonepilotai.com\/"},{"@type":"ListItem","position":2,"name":"Blog Grid"}]},{"@type":"WebSite","@id":"https:\/\/tonepilotai.com\/#website","url":"https:\/\/tonepilotai.com\/","name":"\"Tone Pilot AI\"","description":"","potentialAction":[{"@type":"SearchAction","target":{"@type":"EntryPoint","urlTemplate":"https:\/\/tonepilotai.com\/?s={search_term_string}"},"query-input":{"@type":"PropertyValueSpecification","valueRequired":true,"valueName":"search_term_string"}}],"inLanguage":"lt-LT"}]}},"_links":{"self":[{"href":"https:\/\/tonepilotai.com\/lt\/wp-json\/wp\/v2\/pages\/6127","targetHints":{"allow":["GET"]}}],"collection":[{"href":"https:\/\/tonepilotai.com\/lt\/wp-json\/wp\/v2\/pages"}],"about":[{"href":"https:\/\/tonepilotai.com\/lt\/wp-json\/wp\/v2\/types\/page"}],"author":[{"embeddable":true,"href":"https:\/\/tonepilotai.com\/lt\/wp-json\/wp\/v2\/users\/1"}],"replies":[{"embeddable":true,"href":"https:\/\/tonepilotai.com\/lt\/wp-json\/wp\/v2\/comments?post=6127"}],"version-history":[{"count":17,"href":"https:\/\/tonepilotai.com\/lt\/wp-json\/wp\/v2\/pages\/6127\/revisions"}],"predecessor-version":[{"id":18979,"href":"https:\/\/tonepilotai.com\/lt\/wp-json\/wp\/v2\/pages\/6127\/revisions\/18979"}],"wp:attachment":[{"href":"https:\/\/tonepilotai.com\/lt\/wp-json\/wp\/v2\/media?parent=6127"}],"curies":[{"name":"WP","href":"https:\/\/api.w.org\/{rel}","templated":true}]}}